{"id":323,"date":"2018-11-07T13:19:14","date_gmt":"2018-11-07T12:19:14","guid":{"rendered":"https:\/\/creato.no\/referanse\/?page_id=323"},"modified":"2024-10-15T15:19:40","modified_gmt":"2024-10-15T13:19:40","slug":"om-prosjektet","status":"publish","type":"page","link":"https:\/\/creato.no\/referanse\/skjoldnes\/om-prosjektet\/","title":{"rendered":"Prosjektet"},"content":{"rendered":"<div class=\"wpb-content-wrapper\"><p>[vc_row bg_type=&raquo;color&raquo; padding_top_multiplier=&raquo;3x&raquo; padding_bottom_multiplier=&raquo;3x&raquo; bg_color=&raquo;#f7f7f7&#8243;][vc_column]<h1 class=\"grve-element grve-title grve-align-center grve-h1 grve-increase-heading grve-heading-140\" style=\"\"><span>Velkommen til Skjoldneshagen<span class=\"grve-title-line grve-bg-primary-2\" style=\"width: 50px;height: 2px;\"><\/span><\/span><\/h1><div class=\"grve-empty-space grve-height-1x\" style=\"\"><\/div>[vc_column_text text_style=&raquo;leader-text&raquo; animation=&raquo;grve-fade-in&raquo;]<\/p>\n<p style=\"text-align: center;\">82 nye leiligheter med flott beliggenhet, store gr\u00f8ntarealer og &laquo;Nord\u00e5sen&raquo; som n\u00e6rmeste nabo.<\/p>\n<p style=\"text-align: center;\">Med gode kvaliteter, marka som n\u00e6rmeste nabo, kort vei til Nesttun sentrum og alt du er glad i, har Skjoldneshagen v\u00e6rt et f\u00f8rstevalg for de som vil ha en splitter ny leilighet.<\/p>\n<p style=\"text-align: center;\">Stedet du bor blir en del av deg. Trives man hjemme f\u00e5r man gjerne bedre livskvalitet og ny energi.<\/p>\n<p style=\"text-align: center;\">Vi \u00f8nsker deg velkommen hjem!<\/p>\n<p>[\/vc_column_text][\/vc_column][\/vc_row][vc_row heading_color=&raquo;light&raquo; bg_type=&raquo;color&raquo; padding_top_multiplier=&raquo;3x&raquo; padding_bottom_multiplier=&raquo;3x&raquo; section_id=&raquo;mulighet&raquo; bg_color=&raquo;#50607d&raquo; font_color=&raquo;#ffffff&raquo;][vc_column]<h2 class=\"grve-element grve-title grve-align-center grve-h2 grve-increase-heading grve-heading-120\" style=\"margin-bottom: 30px;\"><span>Fasiliteter<span class=\"grve-title-line grve-bg-white\" style=\"width: 50px;height: 2px;\"><\/span><\/span><\/h2><div class=\"grve-empty-space grve-height-1x\" style=\"\"><\/div><div class=\"grve-empty-space grve-height-3x\" style=\"\"><\/div>[vc_row_inner el_id=&raquo;omradet&raquo; css=&raquo;.vc_custom_1613650472524{padding-bottom: 30px !important;}&raquo;][vc_column_inner width=&raquo;1\/2&#8243;]<div class=\"grve-element grve-box-icon grve-extra-small grve-side-icon grve-align-left grve-animated-item grve-fade-in-left grve-duration-normal\" style=\"margin-bottom: 40px;\" data-delay=\"200\"><div class=\"grve-image-icon\"><img loading=\"lazy\" decoding=\"async\" width=\"206\" height=\"292\" src=\"https:\/\/creato.no\/referanse\/skjoldnes\/wp-content\/uploads\/2021\/02\/Kollektiv_Hvit.png\" class=\"attachment-full size-full\" alt=\"\" \/><\/div><div class=\"grve-box-content\"><div class=\"grve-box-title-wrapper\"><h3 class=\"grve-box-title grve-h4\">Bybane og buss<\/h3><\/div>  <p class=\"\">Tilkomsten til Skjoldnes er via Sundts veg fra Nesttun sentrum. N\u00e6rmeste buss og bybanestopp er M\u00e5rdalen, ca 950 meter unna.<\/p><\/div><\/div><div class=\"grve-element grve-box-icon grve-extra-small grve-side-icon grve-align-left grve-animated-item grve-fade-in-left grve-duration-normal\" style=\"margin-bottom: 40px;\" data-delay=\"200\"><div class=\"grve-image-icon\"><img loading=\"lazy\" decoding=\"async\" width=\"221\" height=\"281\" src=\"https:\/\/creato.no\/referanse\/skjoldnes\/wp-content\/uploads\/2021\/02\/Parkering_hvit.png\" class=\"attachment-full size-full\" alt=\"\" \/><\/div><div class=\"grve-box-content\"><div class=\"grve-box-title-wrapper\"><h3 class=\"grve-box-title grve-h4\">Parkering<\/h3><\/div>  <p class=\"\">Alle boligkompleksene blir tilknyttet et stort underliggende garasjeanlegg.<\/p><\/div><\/div><div class=\"grve-element grve-box-icon grve-extra-small grve-side-icon grve-align-left grve-animated-item grve-fade-in-left grve-duration-normal\" style=\"margin-bottom: 40px;\" data-delay=\"200\"><div class=\"grve-image-icon\"><img loading=\"lazy\" decoding=\"async\" width=\"266\" height=\"266\" src=\"https:\/\/creato.no\/referanse\/skjoldnes\/wp-content\/uploads\/2021\/02\/Kajakk_Hvit.png\" class=\"attachment-full size-full\" alt=\"\" srcset=\"https:\/\/creato.no\/referanse\/skjoldnes\/wp-content\/uploads\/2021\/02\/Kajakk_Hvit.png 266w, https:\/\/creato.no\/referanse\/skjoldnes\/wp-content\/uploads\/2021\/02\/Kajakk_Hvit-150x150.png 150w\" sizes=\"(max-width: 266px) 100vw, 266px\" \/><\/div><div class=\"grve-box-content\"><div class=\"grve-box-title-wrapper\"><h3 class=\"grve-box-title grve-h4\">Sup\/kajakk<\/h3><\/div>  <p class=\"\">Eget kaianlegg, sj\u00f8hus og badestrand. SUP brett og Kajakker er tilgjengelig for leie for alle som bor p\u00e5 Skjoldnes\/Skjoldneshagen<\/p><\/div><\/div><div class=\"grve-element grve-box-icon grve-extra-small grve-side-icon grve-align-left grve-animated-item grve-fade-in-left grve-duration-normal\" style=\"margin-bottom: 40px;\" data-delay=\"200\"><div class=\"grve-image-icon\"><img loading=\"lazy\" decoding=\"async\" width=\"230\" height=\"264\" src=\"https:\/\/creato.no\/referanse\/skjoldnes\/wp-content\/uploads\/2021\/02\/Butikk_Hvit.png\" class=\"attachment-full size-full\" alt=\"\" \/><\/div><div class=\"grve-box-content\"><div class=\"grve-box-title-wrapper\"><h3 class=\"grve-box-title grve-h4\">Shoppping<\/h3><\/div>  <p class=\"\">Skjoldnes ligger i gangavstand til b\u00e5de Nesttun og Lagunen som har mange flotte butikker, ferskvarer, restauranter og treningsentre. Kort vei med bybane \/ buss til bergen sentrum.<\/p><\/div><\/div>[\/vc_column_inner][vc_column_inner width=&raquo;1\/2&#8243;]<div class=\"grve-element grve-box-icon grve-extra-small grve-side-icon grve-align-left grve-animated-item grve-fade-in-left grve-duration-normal\" style=\"margin-bottom: 40px;\" data-delay=\"200\"><div class=\"grve-image-icon\"><img loading=\"lazy\" decoding=\"async\" width=\"256\" height=\"265\" src=\"https:\/\/creato.no\/referanse\/skjoldnes\/wp-content\/uploads\/2021\/02\/Skog_hvit.png\" class=\"attachment-full size-full\" alt=\"\" \/><\/div><div class=\"grve-box-content\"><div class=\"grve-box-title-wrapper\"><h3 class=\"grve-box-title grve-h4\">Turomr\u00e5de<\/h3><\/div>  <p class=\"\">Det vakre omr\u00e5det rundt skjoldnes er et perfekt utgangspunkt for turer og rekreasjon. <\/p><\/div><\/div><div class=\"grve-element grve-box-icon grve-extra-small grve-side-icon grve-align-left grve-animated-item grve-fade-in-left grve-duration-normal\" style=\"margin-bottom: 40px;\" data-delay=\"200\"><a href=\"https:\/\/www.konowbergen.no\/\" title=\"konorbergen.no\" target=\"_blank\" rel=\"noopener noreferrer\"><div class=\"grve-image-icon\"><img loading=\"lazy\" decoding=\"async\" width=\"252\" height=\"252\" src=\"https:\/\/creato.no\/referanse\/skjoldnes\/wp-content\/uploads\/2021\/02\/Restaurant_hvit.png\" class=\"attachment-full size-full\" alt=\"\" srcset=\"https:\/\/creato.no\/referanse\/skjoldnes\/wp-content\/uploads\/2021\/02\/Restaurant_hvit.png 252w, https:\/\/creato.no\/referanse\/skjoldnes\/wp-content\/uploads\/2021\/02\/Restaurant_hvit-150x150.png 150w\" sizes=\"(max-width: 252px) 100vw, 252px\" \/><\/div><div class=\"grve-box-content\"><div class=\"grve-box-title-wrapper\"><h3 class=\"grve-box-title grve-h4\">Konow vertshus<\/h3><\/div>  <p class=\"\">Restaurant, business hub, overnatting og aktivitetstilbud. Trykk her for \u00e5pningstider og tilbud.<\/p><\/div><\/a><\/div><div class=\"grve-element grve-box-icon grve-extra-small grve-side-icon grve-align-left grve-animated-item grve-fade-in-left grve-duration-normal\" style=\"margin-bottom: 40px;\" data-delay=\"200\"><div class=\"grve-image-icon\"><img loading=\"lazy\" decoding=\"async\" width=\"272\" height=\"272\" src=\"https:\/\/creato.no\/referanse\/skjoldnes\/wp-content\/uploads\/2021\/02\/Paddletennis_Hvit.png\" class=\"attachment-full size-full\" alt=\"\" srcset=\"https:\/\/creato.no\/referanse\/skjoldnes\/wp-content\/uploads\/2021\/02\/Paddletennis_Hvit.png 272w, https:\/\/creato.no\/referanse\/skjoldnes\/wp-content\/uploads\/2021\/02\/Paddletennis_Hvit-150x150.png 150w\" sizes=\"(max-width: 272px) 100vw, 272px\" \/><\/div><div class=\"grve-box-content\"><div class=\"grve-box-title-wrapper\"><h3 class=\"grve-box-title grve-h4\">Padle tennis<\/h3><\/div>  <p class=\"\">I Skjoldnesparken finner du tennisbane, ballbinge, lekeplass, badmington- og boulebane mm.<\/p><\/div><\/div><div class=\"grve-element grve-box-icon grve-extra-small grve-side-icon grve-align-left grve-animated-item grve-fade-in-left grve-duration-normal\" style=\"margin-bottom: 40px;\" data-delay=\"200\"><div class=\"grve-image-icon\"><img loading=\"lazy\" decoding=\"async\" width=\"1\" height=\"1\" src=\"https:\/\/creato.no\/referanse\/skjoldnes\/wp-content\/uploads\/2021\/02\/KINO_hvit.svg\" class=\"attachment-full size-full\" alt=\"\" \/><\/div><div class=\"grve-box-content\"><div class=\"grve-box-title-wrapper\"><h3 class=\"grve-box-title grve-h4\">Kulturtilbud<\/h3><\/div>  <p class=\"\">Lagunen kino med 9 kinosaler, Fana kulturhus p\u00e5 Nesttun og Troldsalen p\u00e5 Troldhaugen.<\/p><\/div><\/div>[\/vc_column_inner][\/vc_row_inner][\/vc_column][\/vc_row][vc_row disable_element=&raquo;yes&raquo; section_full_height=&raquo;fullheight&raquo; bg_type=&raquo;image&raquo; bg_image=&raquo;1710&#8243; bg_image_type=&raquo;fixed&raquo; bg_image_size=&raquo;full&raquo; equal_column_height=&raquo;middle-content&raquo;][vc_column width=&raquo;1\/2&#8243; heading_color=&raquo;light&raquo; font_color=&raquo;#ffffff&raquo;][\/vc_column][vc_column width=&raquo;1\/2&#8243; heading_color=&raquo;light&raquo; shadow=&raquo;small&raquo; clipping_animation=&raquo;clipping-up&raquo; animation_delay=&raquo;600&#8243; css=&raquo;.vc_custom_1614003809692{padding-top: 8% !important;padding-right: 8% !important;padding-bottom: 8% !important;padding-left: 8% !important;background-color: rgba(0,0,0,0.58) !important;*background-color: rgb(0,0,0) !important;}&raquo; font_color=&raquo;#ffffff&raquo;]<div class=\"grve-element grve-box-icon grve-extra-small grve-top-icon grve-align-center\" style=\"\"><div class=\"grve-image-icon\"><img loading=\"lazy\" decoding=\"async\" width=\"252\" height=\"252\" src=\"https:\/\/creato.no\/referanse\/skjoldnes\/wp-content\/uploads\/2021\/02\/Restaurant_hvit.png\" class=\"attachment-full size-full\" alt=\"\" srcset=\"https:\/\/creato.no\/referanse\/skjoldnes\/wp-content\/uploads\/2021\/02\/Restaurant_hvit.png 252w, https:\/\/creato.no\/referanse\/skjoldnes\/wp-content\/uploads\/2021\/02\/Restaurant_hvit-150x150.png 150w\" sizes=\"(max-width: 252px) 100vw, 252px\" \/><\/div><div class=\"grve-box-content\"><\/div><\/div>[vc_row_inner][vc_column_inner css=&raquo;.vc_custom_1613993533894{border-top-width: 1px !important;border-right-width: 1px !important;border-bottom-width: 1px !important;border-left-width: 1px !important;padding-top: 5% !important;padding-right: 5% !important;padding-bottom: 5% !important;padding-left: 5% !important;border-left-color: rgba(255,255,255,0.5) !important;border-left-style: solid !important;border-right-color: rgba(255,255,255,0.5) !important;border-right-style: solid !important;border-top-color: rgba(255,255,255,0.5) !important;border-top-style: solid !important;border-bottom-color: rgba(255,255,255,0.5) !important;border-bottom-style: solid !important;}&raquo;]<h2 class=\"grve-element grve-title grve-align-left grve-h2 grve-increase-heading grve-heading-120\" style=\"margin-bottom: 30px;\"><span>ET FANTASTISK SAMLINGSPUNKT<span class=\"grve-title-line grve-bg-white\" style=\"width: 50px;height: 2px;\"><\/span><\/span><\/h2>[vc_column_text animation_delay=&raquo;600&#8243; animation_duration=&raquo;very-slow&raquo;]Den verneverdige herskapelige Konow Lund villaen har v\u00e6rt et landemerke i mer enn hundre \u00e5r, er totalrenovert og blitt et er et naturlig m\u00f8tested og servicesenter for alle Skjoldnes-beboere.<\/p>\n<p>Her er detblant annet restaurant, bar, uteservering, over-natting og m\u00f8terom. Husets eget kj\u00f8kken vil ogs\u00e5 kunne levere lunsj og middag direkte hjem p\u00e5 d\u00f8ren til alle som bor p\u00e5 Skjoldnes. Historien til den herskapelige Konow Lund villaen fortsetter n\u00e5 som et fantastisk m\u00f8tested for naboer med sans for et godt liv.[\/vc_column_text]<div class=\"grve-empty-space grve-height-1x\" style=\"\"><\/div><div class=\"grve-element grve-align-left\"><a href=\"https:\/\/www.konowbergen.no\/\" target=\"_blank\" rel=\"noopener noreferrer\" class=\"grve-btn grve-btn-extralarge grve-btn-underline grve-text-white grve-text-hover-white\"><span>Les mer<span class=\"grve-btn-bottom-line grve-bg-primary-2\"><\/span><\/span><\/a><\/div>[\/vc_column_inner][\/vc_row_inner][\/vc_column][\/vc_row][vc_row section_type=&raquo;fullwidth&raquo; section_full_height=&raquo;fullheight&raquo; bg_type=&raquo;image&raquo; bg_image=&raquo;628&#8243; bg_image_type=&raquo;fixed&raquo; bg_image_size=&raquo;full&raquo; color_overlay=&raquo;gradient&raquo; gradient_overlay_custom_1=&raquo;rgba(0,0,0,0.01)&raquo; gradient_overlay_custom_2=&raquo;rgba(0,0,0,0.41)&raquo; columns_gap=&raquo;none&raquo; equal_column_height=&raquo;equal-column&raquo; mobile_full_height=&raquo;false&raquo;][vc_column column_effect=&raquo;vertical-parallax&raquo; column_effect_limit=&raquo;3x&raquo; width=&raquo;1\/2&#8243; mobile_width=&raquo;hide&raquo;][\/vc_column][vc_column width=&raquo;1\/2&#8243; heading_color=&raquo;light&raquo; clipping_animation=&raquo;clipping-right&raquo; css=&raquo;.vc_custom_1619526144517{padding-top: 10% !important;padding-right: 20% !important;padding-bottom: 10% !important;padding-left: 20% !important;}&raquo; font_color=&raquo;#ffffff&raquo;]<blockquote class=\"grve-element grve-animated-item grve-fade-in grve-duration-very-slow grve-align-left grve-with-icon\" style=\"\" data-delay=\"600\">  <div class=\"grve-quote-icon\">  <i class=\"fa fa-quote-right grve-text-white grve-large\"><\/i>  <\/div><p>Sentral, attraktiv og meget barnevennlig beliggenhet <\/p><\/blockquote><div class=\"grve-empty-space\" style=\"height: 450px;\"><\/div>[\/vc_column][\/vc_row][vc_row section_type=&raquo;fullwidth&raquo; padding_top_multiplier=&raquo;&raquo; padding_bottom_multiplier=&raquo;&raquo; columns_gap=&raquo;none&raquo; equal_column_height=&raquo;equal-column&raquo; margin_bottom=&raquo;0&#8243;][vc_column column_effect=&raquo;vertical-parallax&raquo; column_effect_limit=&raquo;2x&raquo; width=&raquo;1\/2&#8243; el_wrapper_class=&raquo;tekstboks&raquo;]<h2 class=\"grve-element grve-title grve-align-left grve-h2 grve-increase-heading grve-heading-120\" style=\"margin-bottom: 30px;\"><span>Moderne boliger n\u00e6r byen og naturen<span class=\"grve-title-line grve-bg-primary-1\" style=\"width: 50px;height: 2px;\"><\/span><\/span><\/h2>[vc_column_text]P\u00e5 Skjoldneshagen kommer det n\u00e5 et nytt boligprosjekt med solrike balkonger og et flott uteomr\u00e5de. Skjoldneshagen er neste tilskudd til et spennende omr\u00e5de med boligbebyggelse, treningsfasiliteter, gr\u00f8ntomr\u00e5der og parker. Det er gangavstand til sentrum og gode kollektivforbindelser til resten av byen.<\/p>\n<p>Skjoldneshagen best\u00e5r av 82 moderne leiligheter med s\u00e6rpreg i b\u00e5de form og farge, kun et steinkast unna Nesttun. Her skal det v\u00e6re lekeareal og gr\u00f8ntomr\u00e5der som vil v\u00e6re viktige sosiale soner for omr\u00e5det. Leilighetene har gode og praktiske roml\u00f8sninger for familielivet og hverdagene.[\/vc_column_text][\/vc_column][vc_column width=&raquo;1\/2&#8243; css=&raquo;.vc_custom_1728998246663{background-image: url(https:\/\/creato.no\/referanse\/skjoldnes\/wp-content\/uploads\/2023\/08\/896A7320-scaled.jpg?id=2687) !important;background-position: center !important;background-repeat: no-repeat !important;background-size: cover !important;}&raquo;][\/vc_column][\/vc_row][vc_row rtl_reverse=&raquo;yes&raquo; section_type=&raquo;fullwidth&raquo; padding_top_multiplier=&raquo;&raquo; padding_bottom_multiplier=&raquo;&raquo; columns_gap=&raquo;none&raquo; equal_column_height=&raquo;middle-content&raquo; margin_bottom=&raquo;0&#8243; section_id=&raquo;utbygger&raquo;][vc_column width=&raquo;1\/2&#8243; heading_color=&raquo;light&raquo; css=&raquo;.vc_custom_1728998307611{padding-top: 10% !important;padding-right: 20% !important;padding-bottom: 10% !important;padding-left: 20% !important;background: #ffffff url(https:\/\/creato.no\/referanse\/skjoldnes\/wp-content\/uploads\/2023\/08\/896A7340-scaled.jpg?id=2688) !important;background-position: center !important;background-repeat: no-repeat !important;background-size: cover !important;}&raquo; font_color=&raquo;#ffffff&raquo;]<blockquote class=\"grve-element grve-animated-item grve-fade-in grve-duration-normal grve-align-center\" style=\"\" data-delay=\"400\"><p><\/p><\/blockquote><div class=\"grve-element grve-title grve-align-center grve-animated-item grve-duration-normal grve-fade-in grve-leader-text\" style=\"\" data-delay=\"1000\"><span><span class=\"grve-title-line grve-bg-white\" style=\"width: 50px;height: 2px;\"><\/span><\/span><\/div>[\/vc_column][vc_column column_effect=&raquo;vertical-parallax&raquo; column_effect_limit=&raquo;2x&raquo; width=&raquo;1\/2&#8243; css=&raquo;.vc_custom_1614762262376{background-position: center !important;background-repeat: no-repeat !important;background-size: cover !important;}&raquo; el_wrapper_class=&raquo;tekstboks&raquo;]<h2 class=\"grve-element grve-title grve-align-left grve-h2 grve-increase-heading grve-heading-120\" style=\"margin-bottom: 30px;\"><span>Kj\u00f8kken for nye matgleder<span class=\"grve-title-line grve-bg-primary-1\" style=\"width: 50px;height: 2px;\"><\/span><\/span><\/h2>[vc_column_text]<\/p>\n<p class=\"p1\">Nytt kj\u00f8kken er en stor begivenhet, nettopp fordi kj\u00f8kkenet er en stor del av v\u00e5r hverdag. Det nye kj\u00f8kkenet ditt er fra kvalitetsleverand\u00f8ren HTH. Finpusset og tilrettelagt for et smart og moderne uttrykk. Kj\u00f8kkenet leveres med integrerte hvitevarer fra Siemens.<span class=\"Apple-converted-space\"> \u00a0<\/span>Hvitevarepakken inneholder; stekeovn, induksjon koketopp,<span class=\"Apple-converted-space\">\u00a0<\/span>oppvaskmaskin og kombiskap &#8211; ferdig montert tilpasset kj\u00f8kkenet ditt.<br \/>\nKj\u00f8kken leveres i hvit som standard, med benkeplate i heltre.<span class=\"Apple-converted-space\">\u00a0<\/span>Det vil ogs\u00e5 bli gitt muligheter for utallige tilvalg og tilpasninger i egne m\u00f8ter med kj\u00f8kkenleverand\u00f8r.<\/p>\n<p>[\/vc_column_text]<div class=\"grve-empty-space grve-height-1x\" style=\"\"><\/div><div class=\"grve-element grve-align-left\"><a href=\"https:\/\/www.hth.no\/\" target=\"_blank\" rel=\"noopener noreferrer\" class=\"grve-btn grve-btn-extralarge grve-btn-underline grve-text-primary-1 grve-text-hover-primary-1\"><span>Bli kjent med HTH<span class=\"grve-btn-bottom-line grve-bg-primary-1\"><\/span><\/span><\/a><\/div>[\/vc_column][\/vc_row][vc_row section_type=&raquo;fullwidth&raquo; padding_top_multiplier=&raquo;&raquo; padding_bottom_multiplier=&raquo;&raquo; columns_gap=&raquo;none&raquo; equal_column_height=&raquo;middle-content&raquo; margin_bottom=&raquo;0&#8243; section_id=&raquo;kvalitetene&raquo;][vc_column column_effect=&raquo;vertical-parallax&raquo; column_effect_limit=&raquo;2x&raquo; width=&raquo;1\/2&#8243; el_wrapper_class=&raquo;tekstboks&raquo;]<h2 class=\"grve-element grve-title grve-align-left grve-h2 grve-increase-heading grve-heading-120\" style=\"margin-bottom: 30px;\"><span>En hverdag med rom for det hverdagslige<span class=\"grve-title-line grve-bg-primary-1\" style=\"width: 50px;height: 2px;\"><\/span><\/span><\/h2>[vc_column_text]<\/p>\n<div class=\"wpb_text_column wpb_content_element \">\n<div class=\"wpb_wrapper\">\n<p>P\u00e5 Skjoldneshagen er alt nytt. Bilen st\u00e5r t\u00f8rt og trygt innend\u00f8rs, bare en heisknapp unna. Alt utvendig bes\u00f8rges av fellesskapet. Du trenger bare \u00e5 holde styr p\u00e5 det som er rundt deg, resten blir ivaretatt.<\/p>\n<p>Alle leilighetene er oppgradert med h\u00f8yere standard p\u00e5 kj\u00f8kkenet og badet. Leilighetene har praktiske og romslige planl\u00f8sninger med to, tre eller fire rom. St\u00f8rrelsene varierer fra 35 til 131 kvadratmeter, alt etter ditt behov.<\/p>\n<p>Utsikten over havet og byen f\u00e5r du gjennom store vindusflater i stua og p\u00e5 soverommet, eller fra balkongen. S\u00e5 unn deg litt luksus. Ikke prangende, men med bokvaliteter du verdsetter. S\u00e5 du kan senke skuldrene og nyte de sm\u00e5 \u00f8yeblikkene i hverdagen.<\/p>\n<\/div>\n<\/div>\n<p>[\/vc_column_text][\/vc_column][vc_column width=&raquo;1\/2&#8243; heading_color=&raquo;light&raquo; css=&raquo;.vc_custom_1728998265784{background-image: url(https:\/\/creato.no\/referanse\/skjoldnes\/wp-content\/uploads\/2023\/08\/896A7170-scaled.jpg?id=2678) !important;background-position: center !important;background-repeat: no-repeat !important;background-size: cover !important;}&raquo; font_color=&raquo;#ffffff&raquo;][\/vc_column][\/vc_row]<\/p>\n<\/div>","protected":false},"excerpt":{"rendered":"<p>[vc_row bg_type=&raquo;color&raquo; padding_top_multiplier=&raquo;3x&raquo; padding_bottom_multiplier=&raquo;3x&raquo; bg_color=&raquo;#f7f7f7&#8243;][vc_column][vc_column_text text_style=&raquo;leader-text&raquo; animation=&raquo;grve-fade-in&raquo;] 82 nye leiligheter med flott beliggenhet, store gr\u00f8ntarealer og &laquo;Nord\u00e5sen&raquo; som n\u00e6rmeste nabo. Med gode kvaliteter, marka som n\u00e6rmeste nabo, kort vei til Nesttun sentrum og alt du er glad i, har Skjoldneshagen v\u00e6rt et f\u00f8rstevalg for de som vil ha en splitter ny leilighet. Stedet du bor [&hellip;]<\/p>\n","protected":false},"author":1,"featured_media":0,"parent":0,"menu_order":0,"comment_status":"closed","ping_status":"closed","template":"","meta":{"inline_featured_image":false,"footnotes":""},"class_list":["post-323","page","type-page","status-publish","hentry"],"_links":{"self":[{"href":"https:\/\/creato.no\/referanse\/skjoldnes\/wp-json\/wp\/v2\/pages\/323"}],"collection":[{"href":"https:\/\/creato.no\/referanse\/skjoldnes\/wp-json\/wp\/v2\/pages"}],"about":[{"href":"https:\/\/creato.no\/referanse\/skjoldnes\/wp-json\/wp\/v2\/types\/page"}],"author":[{"embeddable":true,"href":"https:\/\/creato.no\/referanse\/skjoldnes\/wp-json\/wp\/v2\/users\/1"}],"replies":[{"embeddable":true,"href":"https:\/\/creato.no\/referanse\/skjoldnes\/wp-json\/wp\/v2\/comments?post=323"}],"version-history":[{"count":9,"href":"https:\/\/creato.no\/referanse\/skjoldnes\/wp-json\/wp\/v2\/pages\/323\/revisions"}],"predecessor-version":[{"id":2906,"href":"https:\/\/creato.no\/referanse\/skjoldnes\/wp-json\/wp\/v2\/pages\/323\/revisions\/2906"}],"wp:attachment":[{"href":"https:\/\/creato.no\/referanse\/skjoldnes\/wp-json\/wp\/v2\/media?parent=323"}],"curies":[{"name":"wp","href":"https:\/\/api.w.org\/{rel}","templated":true}]}}