{"id":2543,"date":"2022-10-07T08:43:48","date_gmt":"2022-10-07T06:43:48","guid":{"rendered":"https:\/\/creato.no\/referanse\/?page_id=2543"},"modified":"2022-10-31T11:25:18","modified_gmt":"2022-10-31T10:25:18","slug":"prydhagen","status":"publish","type":"page","link":"https:\/\/creato.no\/referanse\/skjoldnes\/prydhagen\/","title":{"rendered":"Prydhagen"},"content":{"rendered":"<div class=\"wpb-content-wrapper\"><p>[vc_row bwd_show_when_type=&raquo;after&raquo; bwd_show_when_date=&raquo;10\/30\/2022 12:00&#8243; bwd_tbc4vd_show_weekday=&raquo;&raquo; heading_color=&raquo;light&raquo; bg_type=&raquo;color&raquo; padding_bottom_multiplier=&raquo;3x&raquo; bg_color=&raquo;#5f566b&raquo; font_color=&raquo;#ffffff&raquo;][vc_column]<div class=\"grve-empty-space\" style=\"height: 150px;\"><\/div><h1 class=\"grve-element grve-title grve-align-center grve-h1 grve-increase-heading grve-heading-140\" style=\"\"><span>I salg n\u00e5!<span class=\"grve-title-line grve-bg-primary-5\" style=\"width: 50px;height: 2px;\"><\/span><\/span><\/h1><div class=\"grve-empty-space\" style=\"height: 50px;\"><\/div>[vc_column_text text_style=&raquo;leader-text&raquo; animation=&raquo;grve-fade-in&raquo;]<\/p>\n<p style=\"text-align: center;\">N\u00e5 er Skjoldneshagen sitt siste salgstrinn &#8211; Prydhagen lansert. Her finner du 15 smarte 2- og 3-roms selveierleiligheter (fra ca 45 &#8211; 62 kvm).\u00a0 Leilighetene har moderne og praktiske planl\u00f8sninger, hvor hver kvadratmeter er godt utnyttet.<\/p>\n<p style=\"text-align: center;\">Takket v\u00e6re den fine beliggenheten vil de aller fleste leilighetene nyte gode solforhold \u2013 kvaliteter en hardbarka vestlending vet \u00e5 sette pris p\u00e5.<br \/>\nSj\u00f8huset, Konow Restaurant og Skjoldnesparken er kun et steinkast unna. Her kan du nyte en aktiv hverdag i Skjoldneshagen.<\/p>\n<p>[\/vc_column_text]<div class=\"grve-empty-space\" style=\"height: 150px;\"><\/div>[\/vc_column][\/vc_row][vc_row bg_type=&raquo;image&raquo; bg_image=&raquo;2553&#8243; bg_image_type=&raquo;fixed&raquo; bg_image_size=&raquo;extra-extra-large&raquo;][vc_column css=&raquo;.vc_custom_1665124664000{padding-top: 20% !important;padding-bottom: 20% !important;}&raquo;][\/vc_column][\/vc_row][vc_row bwd_show_when_type=&raquo;after&raquo; bwd_show_when_date=&raquo;10\/30\/2022 12:00&#8243; bwd_tbc4vd_show_weekday=&raquo;&raquo; section_type=&raquo;fullwidth&raquo; padding_top_multiplier=&raquo;3x&raquo; padding_bottom_multiplier=&raquo;2x&raquo; columns_gap=&raquo;none&raquo; equal_column_height=&raquo;equal-column&raquo; mobile_visibility=&raquo;hide&raquo; margin_bottom=&raquo;0&#8243; section_id=&raquo;boligvelger&raquo;][vc_column heading_color=&raquo;primary-4&#8243; css=&raquo;.vc_custom_1619436433505{background-position: center !important;background-repeat: no-repeat !important;background-size: contain !important;}&raquo;]<h2 class=\"grve-element grve-title grve-align-center grve-animated-item grve-duration-normal grve-fade-in-left grve-h2 grve-increase-heading grve-heading-120\" style=\"margin-bottom: 30px;\" data-delay=\"200\"><span>Boligvelger Prydhagen<span class=\"grve-title-line grve-bg-white\" style=\"width: 50px;height: 2px;\"><\/span><\/span><\/h2><div class=\"grve-empty-space grve-height-1x\" style=\"\"><\/div>[vc_raw_html]JTNDaWZyYW1lJTIwc3JjJTNEJTIyaHR0cHMlM0ElMkYlMkZ3aW4wMS5tYWVzdHJvbWVkaWEubm8lMkYxNzFfc2tqb2xkbmVzaGFnZSUyRmhvdXNlc2xpbmUuYXNweCUzRmZpZWxkSUQlM0Q5OCUyMiUyMGZyYW1lYm9yZGVyJTNEJTIyMCUyMiUyMGhlaWdodCUzRCUyMjE1MDAlMjIlMjB3aWR0aCUzRCUyMjEwMCUyNSUyMiUzRSUzQyUyRmlmcmFtZSUzRQ==[\/vc_raw_html][\/vc_column][\/vc_row][vc_row bwd_show_when_type=&raquo;after&raquo; bwd_show_when_date=&raquo;10\/30\/2022 12:00&#8243; bwd_tbc4vd_show_weekday=&raquo;&raquo; section_type=&raquo;fullwidth&raquo; padding_top_multiplier=&raquo;3x&raquo; padding_bottom_multiplier=&raquo;2x&raquo; columns_gap=&raquo;none&raquo; equal_column_height=&raquo;equal-column&raquo; desktop_visibility=&raquo;hide&raquo; tablet_visibility=&raquo;hide&raquo; tablet_sm_visibility=&raquo;hide&raquo; margin_bottom=&raquo;0&#8243; section_id=&raquo;boligvelger&raquo;][vc_column heading_color=&raquo;primary-4&#8243; css=&raquo;.vc_custom_1619436433505{background-position: center !important;background-repeat: no-repeat !important;background-size: contain !important;}&raquo;]<h2 class=\"grve-element grve-title grve-align-center grve-animated-item grve-duration-normal grve-fade-in-left grve-h2 grve-increase-heading grve-heading-120\" style=\"margin-bottom: 30px;\" data-delay=\"200\"><span>Boligvelger Prydhagen<span class=\"grve-title-line grve-bg-white\" style=\"width: 50px;height: 2px;\"><\/span><\/span><\/h2><div class=\"grve-empty-space grve-height-1x\" style=\"\"><\/div>[vc_raw_html]JTNDaWZyYW1lJTIwc3JjJTNEJTIyaHR0cHMlM0ElMkYlMkZ3aW4wMS5tYWVzdHJvbWVkaWEubm8lMkYxNzFfc2tqb2xkbmVzaGFnZSUyRmhvdXNlc2xpbmUuYXNweCUzRmZpZWxkSUQlM0Q5OCUyMiUyMGZyYW1lYm9yZGVyJTNEJTIyMCUyMiUyMGhlaWdodCUzRCUyMjEwMDAlMjIlMjB3aWR0aCUzRCUyMjEwMCUyNSUyMiUzRSUzQyUyRmlmcmFtZSUzRQ==[\/vc_raw_html][\/vc_column][\/vc_row][vc_row heading_color=&raquo;light&raquo; bg_type=&raquo;color&raquo; padding_top_multiplier=&raquo;3x&raquo; padding_bottom_multiplier=&raquo;3x&raquo; section_id=&raquo;mulighet&raquo; bg_color=&raquo;#5f566b&raquo; font_color=&raquo;#ffffff&raquo;][vc_column]<h2 class=\"grve-element grve-title grve-align-center grve-animated-item grve-duration-normal grve-fade-in-left grve-h2 grve-increase-heading grve-heading-120\" style=\"margin-bottom: 30px;\" data-delay=\"200\"><span>Siste salgstrinn<span class=\"grve-title-line grve-bg-primary-5\" style=\"width: 50px;height: 2px;\"><\/span><\/span><\/h2><div class=\"grve-empty-space grve-height-3x\" style=\"\"><\/div>[vc_row_inner el_id=&raquo;omradet&raquo; css=&raquo;.vc_custom_1613650472524{padding-bottom: 30px !important;}&raquo;][vc_column_inner width=&raquo;1\/2&#8243;]<div class=\"grve-element grve-box-icon grve-medium grve-top-icon grve-align-center grve-animated-item grve-fade-in-left grve-duration-normal\" style=\"margin-bottom: 60px;\" data-delay=\"200\"><div class=\"grve-image-icon\"><img loading=\"lazy\" decoding=\"async\" width=\"1\" height=\"1\" src=\"https:\/\/creato.no\/referanse\/skjoldnes\/wp-content\/uploads\/2021\/03\/Ant_rom_hvit.svg\" class=\"attachment-full size-full\" alt=\"\" \/><\/div><div class=\"grve-box-content\"><div class=\"grve-box-title-wrapper\"><h3 class=\"grve-box-title grve-h2\">Antall rom<\/h3><\/div>  <p class=\"grve-leader-text\">2-, og 3-roms<\/p><\/div><\/div><div class=\"grve-element grve-box-icon grve-medium grve-top-icon grve-align-center grve-animated-item grve-fade-in-left grve-duration-normal\" style=\"margin-bottom: 60px;\" data-delay=\"400\"><div class=\"grve-image-icon\"><img loading=\"lazy\" decoding=\"async\" width=\"1\" height=\"1\" src=\"https:\/\/creato.no\/referanse\/skjoldnes\/wp-content\/uploads\/2021\/03\/ostvendt_hvit.svg\" class=\"attachment-full size-full\" alt=\"\" \/><\/div><div class=\"grve-box-content\"><div class=\"grve-box-title-wrapper\"><h3 class=\"grve-box-title grve-h2\">Hvor?<\/h3><\/div>  <p class=\"grve-leader-text\">Prydhagen ligger rolig og idyllisk til.<\/p><\/div><\/div>[\/vc_column_inner][vc_column_inner width=&raquo;1\/2&#8243;]<div class=\"grve-element grve-box-icon grve-medium grve-top-icon grve-align-center grve-animated-item grve-fade-in-left grve-duration-normal\" style=\"margin-bottom: 60px;\" data-delay=\"200\"><div class=\"grve-image-icon\"><img loading=\"lazy\" decoding=\"async\" width=\"1\" height=\"1\" src=\"https:\/\/creato.no\/referanse\/skjoldnes\/wp-content\/uploads\/2021\/03\/kr_hvit.svg\" class=\"attachment-full size-full\" alt=\"\" \/><\/div><div class=\"grve-box-content\"><div class=\"grve-box-title-wrapper\"><h3 class=\"grve-box-title grve-h2\">Priser<\/h3><\/div>  <p class=\"grve-leader-text\">Kommer snart!<\/p><\/div><\/div><div class=\"grve-element grve-box-icon grve-medium grve-top-icon grve-align-center grve-animated-item grve-fade-in-left grve-duration-normal\" style=\"margin-bottom: 40px;\" data-delay=\"400\"><div class=\"grve-image-icon\"><img loading=\"lazy\" decoding=\"async\" width=\"221\" height=\"281\" src=\"https:\/\/creato.no\/referanse\/skjoldnes\/wp-content\/uploads\/2021\/02\/Parkering_hvit.png\" class=\"attachment-full size-full\" alt=\"\" \/><\/div><div class=\"grve-box-content\"><div class=\"grve-box-title-wrapper\"><h3 class=\"grve-box-title grve-h2\">Parkering<\/h3><\/div>  <p class=\"grve-leader-text\">Ikke inkludert. Men mulighet for \u00e5 kj\u00f8pe.<\/p><\/div><\/div>[\/vc_column_inner][\/vc_row_inner][\/vc_column][\/vc_row][vc_row bg_type=&raquo;color&raquo; padding_top_multiplier=&raquo;3x&raquo; padding_bottom_multiplier=&raquo;4x&raquo; bg_color=&raquo;#f7f7f7&#8243; margin_bottom=&raquo;0&#8243; font_color=&raquo;#9c7f75&#8243;][vc_column font_color=&raquo;#5f566b&raquo;]<blockquote class=\"grve-element grve-animated-item grve-fade-in grve-duration-normal grve-align-center quote_icon grve-with-icon\" style=\"\" data-delay=\"200\">  <div class=\"grve-quote-icon\">  <i class=\"fas fa-quote-right grve-text-purple grve-medium\"><\/i>  <\/div><p>Nyt hverdagen med sosiale trivselstilbud, matopplevelser,<br \/>\nflott natur og vakre solnedganger.<\/p><\/blockquote>[\/vc_column][\/vc_row][vc_row disable_element=&raquo;yes&raquo; section_type=&raquo;fullwidth&raquo; bg_type=&raquo;image&raquo; bg_image=&raquo;1802&#8243; bg_image_type=&raquo;parallax&raquo; bg_image_size=&raquo;extra-extra-large&raquo; parallax_threshold=&raquo;0.8&#8243; color_overlay=&raquo;gradient&raquo; gradient_overlay_custom_1=&raquo;rgba(0,0,0,0.88)&raquo; gradient_overlay_custom_2=&raquo;rgba(0,0,0,0.12)&raquo; padding_top_multiplier=&raquo;2x&raquo; padding_bottom_multiplier=&raquo;2x&raquo; columns_gap=&raquo;none&raquo; equal_column_height=&raquo;equal-column&raquo; margin_bottom=&raquo;0&#8243; section_id=&raquo;kvalitetene&raquo;][vc_column column_effect=&raquo;vertical-parallax&raquo; column_effect_limit=&raquo;2x&raquo; width=&raquo;5\/6&#8243; heading_color=&raquo;light&raquo; el_wrapper_class=&raquo;tekstboks&raquo; font_color=&raquo;#ffffff&raquo;]<h2 class=\"grve-element grve-title grve-align-left grve-h2 grve-increase-heading grve-heading-120\" style=\"margin-bottom: 30px;\"><span>Fordeler med \u00e5 kj\u00f8pe nytt?<span class=\"grve-title-line grve-bg-white\" style=\"width: 50px;height: 2px;\"><\/span><\/span><\/h2><div class=\"grve-empty-space grve-height-1x\" style=\"\"><\/div>[vc_row_inner][vc_column_inner width=&raquo;1\/2&#8243;]<div class=\"grve-element grve-box-icon grve-small grve-side-icon grve-align-left grve-animated-item grve-fade-in-left grve-duration-normal\" style=\"margin-bottom: 30px;\" data-delay=\"200\"><div class=\"grve-wrapper-icon grve-no-shape\" style=\"\"><i class=\"grve-text-white fas fa-check\"><\/i><\/div><div class=\"grve-box-content\"><div class=\"grve-box-title-wrapper\"><h3 class=\"grve-box-title grve-h4\">Fast pris, ingen stressende budrunder<\/h3><\/div>  <p class=\"\">Fast pris, ingen stressende budrunder.<br \/>\nNye boliger selges ofte til fastpris. Det vil si at du slipper stressende budrunder, du vet hva boligen koster og hva du m\u00e5 forholde deg til<\/p><\/div><\/div><div class=\"grve-element grve-box-icon grve-small grve-side-icon grve-align-left grve-animated-item grve-fade-in-left grve-duration-normal\" style=\"margin-bottom: 30px;\" data-delay=\"400\"><div class=\"grve-wrapper-icon grve-no-shape\" style=\"\"><i class=\"grve-text-white fas fa-check\"><\/i><\/div><div class=\"grve-box-content\"><div class=\"grve-box-title-wrapper\"><h3 class=\"grve-box-title grve-h4\">Ingen oppussing eller overaskelser<\/h3><\/div>  <p class=\"\">N\u00e5r du flytter inn i en helt ny bolig, s\u00e5 slipper du \u00e5 tenke p\u00e5 oppussing p\u00e5 mandag \u00e5r. Du trenger heller ikke \u00e5 bekymre deg for ubehagelige overraskelser som kan f\u00f8lge med der noen har bodd f\u00f8r deg, som skjulte fuktskader eller gamle elektriske anlegg.<\/p><\/div><\/div><div class=\"grve-element grve-box-icon grve-small grve-side-icon grve-align-left grve-animated-item grve-fade-in-left grve-duration-normal\" style=\"margin-bottom: 30px;\" data-delay=\"600\"><div class=\"grve-wrapper-icon grve-no-shape\" style=\"\"><i class=\"grve-text-white fas fa-check\"><\/i><\/div><div class=\"grve-box-content\"><div class=\"grve-box-title-wrapper\"><h3 class=\"grve-box-title grve-h4\">Tilpass boligen etter din smak<\/h3><\/div>  <p class=\"\">Kj\u00f8per du bolig tidlig i byggeprosessen, f\u00e5r du st\u00f8rre muligheter til \u00e5 sette ditt personlige preg p\u00e5 boligen ved \u00e5 gj\u00f8re egne innredningsvalg i tilvalgsperioden.<\/p><\/div><\/div>[\/vc_column_inner][vc_column_inner width=&raquo;1\/2&#8243;]<div class=\"grve-element grve-box-icon grve-small grve-side-icon grve-align-left grve-animated-item grve-fade-in-left grve-duration-normal\" style=\"margin-bottom: 30px;\" data-delay=\"800\"><div class=\"grve-wrapper-icon grve-no-shape\" style=\"\"><i class=\"grve-text-white fas fa-check\"><\/i><\/div><div class=\"grve-box-content\"><div class=\"grve-box-title-wrapper\"><h3 class=\"grve-box-title grve-h4\">H\u00f8y teknisk standard<\/h3><\/div>  <p class=\"\">Nye boliger bygges etter gjeldene forskrifter og standarder med stadig h\u00f8yere krav til materialer, byggemetoder og milj\u00f8. Dette gir et bedre inneklima, isolasjon og generelt h\u00f8yere kvalitet.<\/p><\/div><\/div><div class=\"grve-element grve-box-icon grve-small grve-side-icon grve-align-left grve-animated-item grve-fade-in-left grve-duration-normal\" style=\"margin-bottom: 30px;\" data-delay=\"1000\"><div class=\"grve-wrapper-icon grve-no-shape\" style=\"\"><i class=\"grve-text-white fas fa-check\"><\/i><\/div><div class=\"grve-box-content\"><div class=\"grve-box-title-wrapper\"><h3 class=\"grve-box-title grve-h4\">Lave kj\u00f8psomkostninger<\/h3><\/div>  <p class=\"\">Du slipper tinglysningsavgiften n\u00e5r du kj\u00f8per helt nytt, og betaler kun 2,5 prosent av tomteverdien i dokumentavgift, ikke av hele kj\u00f8pesummen \u2013 som du gj\u00f8r n\u00e5r du kj\u00f8per brukt selveierbolig.<\/p><\/div><\/div><div class=\"grve-element grve-box-icon grve-small grve-side-icon grve-align-left grve-animated-item grve-fade-in-left grve-duration-normal\" style=\"margin-bottom: 30px;\" data-delay=\"1200\"><div class=\"grve-wrapper-icon grve-no-shape\" style=\"\"><i class=\"grve-text-white fas fa-check\"><\/i><\/div><div class=\"grve-box-content\"><div class=\"grve-box-title-wrapper\"><h3 class=\"grve-box-title grve-h4\">Lave faste kostnader<\/h3><\/div>  <p class=\"\">Gode energil\u00f8sninger er bra for b\u00e5de milj\u00f8et og lommeboken. Det gj\u00f8r at du ikke beh\u00f8ver \u00e5 bekymre deg for kalde vintre og h\u00f8ye str\u00f8mpriser. Nye boliger har ogs\u00e5 mye st\u00f8rre forutsigbarhet i felles driftskostnader og utgifter til vedlikehold \u2013 alt er jo nytt!<\/p><\/div><\/div>[\/vc_column_inner][\/vc_row_inner]<div class=\"grve-empty-space grve-height-1x\" style=\"\"><\/div>[\/vc_column][vc_column width=&raquo;1\/6&#8243; mobile_width=&raquo;hide&raquo;][\/vc_column][\/vc_row][vc_row section_type=&raquo;fullwidth&raquo; bg_type=&raquo;color&raquo; padding_top_multiplier=&raquo;&raquo; padding_bottom_multiplier=&raquo;&raquo; columns_gap=&raquo;none&raquo; equal_column_height=&raquo;equal-column&raquo; margin_bottom=&raquo;0&#8243; section_id=&raquo;kvalitetene&raquo; bg_color=&raquo;#5f566b&raquo;][vc_column column_effect=&raquo;vertical-parallax&raquo; column_effect_limit=&raquo;2x&raquo; width=&raquo;1\/2&#8243; heading_color=&raquo;light&raquo; el_wrapper_class=&raquo;tekstboks&raquo; font_color=&raquo;#ffffff&raquo;]<h2 class=\"grve-element grve-title grve-align-left grve-h2 grve-increase-heading grve-heading-120\" style=\"margin-bottom: 30px;\"><span><br>\n<h1>Prydhagen<\/h1>\n<span class=\"grve-title-line grve-bg-white\" style=\"width: 50px;height: 2px;\"><\/span><\/span><\/h2>[vc_column_text]<\/p>\n<h4>Prydhagen best\u00e5r av 15 smarte selveierleiligheter, fordelt p\u00e5 2- og 3-roms. Leilighetene har moderne og praktiske planl\u00f8sninger, hvor hver kvadratmeter er godt utnyttet.<\/h4>\n<p>[\/vc_column_text]<div class=\"grve-empty-space\" style=\"height: 150px;\"><\/div>[\/vc_column][vc_column width=&raquo;1\/2&#8243; css=&raquo;.vc_custom_1665131173111{background-image: url(https:\/\/creato.no\/referanse\/cms\/wp-content\/uploads\/2022\/10\/prydhagen_skjoldnes.jpg?id=2574) !important;background-position: center !important;background-repeat: no-repeat !important;background-size: cover !important;}&raquo;][\/vc_column][\/vc_row][vc_row rtl_reverse=&raquo;yes&raquo; section_type=&raquo;fullwidth&raquo; bg_type=&raquo;color&raquo; padding_top_multiplier=&raquo;&raquo; padding_bottom_multiplier=&raquo;&raquo; columns_gap=&raquo;none&raquo; equal_column_height=&raquo;middle-content&raquo; margin_bottom=&raquo;0&#8243; section_id=&raquo;kvalitetene&raquo; bg_color=&raquo;#5f566b&raquo;][vc_column width=&raquo;1\/2&#8243; el_class=&raquo;tekstboks&raquo; css=&raquo;.vc_custom_1665133741405{padding-top: 10% !important;padding-right: 20% !important;padding-bottom: 10% !important;padding-left: 20% !important;background-image: url(https:\/\/creato.no\/referanse\/cms\/wp-content\/uploads\/2022\/10\/Skjoldneshagen_interior01_D301_Bygg13_221006.jpg?id=2584) !important;background-position: center !important;background-repeat: no-repeat !important;background-size: cover !important;}&raquo; font_color=&raquo;#ffffff&raquo; el_wrapper_class=&raquo;quote_bg&raquo;][\/vc_column][vc_column column_effect=&raquo;vertical-parallax&raquo; column_effect_limit=&raquo;2x&raquo; width=&raquo;1\/2&#8243; heading_color=&raquo;light&raquo; css=&raquo;.vc_custom_1665127517750{background-position: center !important;background-repeat: no-repeat !important;background-size: cover !important;}&raquo; el_wrapper_class=&raquo;tekstboks&raquo; font_color=&raquo;#ffffff&raquo;]<h2 class=\"grve-element grve-title grve-align-left grve-h2 grve-increase-heading grve-heading-120\" style=\"margin-bottom: 30px;\"><span><br>\n<h1 class=\"text-left\">Midt mellom by og natur<\/h1>\n<span class=\"grve-title-line grve-bg-white\" style=\"width: 50px;height: 2px;\"><\/span><\/span><\/h2>[vc_column_text]Flott utsikt vestover, store gr\u00f8ntarealer og \u201dNorda\u030asen\u201d som n\u00e6rmeste nabo, oppfyller boligdr\u00f8mmen du og dine har ventet pa\u030a. Skjoldneshagen ligger kun 8 km fra Bergen sentrum, og en kort kj\u00f8retur fra Nesttun sentrum.<\/p>\n<p>Med gode kvaliteter, marka som n\u00e6rmeste nabo, kort vei til Nesttun sentrum og alt du er glad i, har Skjoldneshagen v\u00e6rt et f\u00f8rstevalg for de som vil ha en splitter ny leilighet.\u00a0Stedet du bor blir en del av deg. Trives man hjemme f\u00e5r man gjerne bedre livskvalitet og ny energi.[\/vc_column_text]<div class=\"grve-empty-space\" style=\"height: 150px;\"><\/div>[\/vc_column][\/vc_row][vc_row section_type=&raquo;fullwidth&raquo; bg_type=&raquo;color&raquo; padding_top_multiplier=&raquo;&raquo; padding_bottom_multiplier=&raquo;&raquo; columns_gap=&raquo;none&raquo; equal_column_height=&raquo;equal-column&raquo; margin_bottom=&raquo;0&#8243; section_id=&raquo;kvalitetene&raquo; bg_color=&raquo;#5f566b&raquo;][vc_column column_effect=&raquo;vertical-parallax&raquo; column_effect_limit=&raquo;2x&raquo; width=&raquo;1\/2&#8243; heading_color=&raquo;light&raquo; el_wrapper_class=&raquo;tekstboks&raquo; font_color=&raquo;#ffffff&raquo;]<h2 class=\"grve-element grve-title grve-align-left grve-h2 grve-increase-heading grve-heading-120\" style=\"margin-bottom: 30px;\"><span><br>\n<h1 class=\"text-left\">Leilighet i sola og moderne livskvalitet<\/h1>\n<span class=\"grve-title-line grve-bg-white\" style=\"width: 50px;height: 2px;\"><\/span><\/span><\/h2>[vc_column_text]<\/p>\n<h4>I tillegg er det store gr\u00f8ntomr\u00e5der i Skjoldnesparken, med gode sosiale fasiliteter for b\u00e5de sm\u00e5 og store. Mellom byggene kommer ogs\u00e5 en egen park med muligheter for \u00e5 leke med barnebarna eller slappe av i rolig atmosf\u00e6re.<\/h4>\n<p>[\/vc_column_text]<div class=\"grve-empty-space\" style=\"height: 150px;\"><\/div>[\/vc_column][vc_column width=&raquo;1\/2&#8243; mobile_width=&raquo;hide&raquo; css=&raquo;.vc_custom_1665133767999{background-image: url(https:\/\/creato.no\/referanse\/cms\/wp-content\/uploads\/2022\/10\/Skjoldneshagen_interior01_D305_Bygg13_221006.jpg?id=2585) !important;background-position: center !important;background-repeat: no-repeat !important;background-size: cover !important;}&raquo;][\/vc_column][\/vc_row][vc_row rtl_reverse=&raquo;yes&raquo; section_type=&raquo;fullwidth&raquo; bg_type=&raquo;color&raquo; padding_top_multiplier=&raquo;&raquo; padding_bottom_multiplier=&raquo;&raquo; columns_gap=&raquo;none&raquo; equal_column_height=&raquo;middle-content&raquo; margin_bottom=&raquo;0&#8243; section_id=&raquo;kvalitetene&raquo; bg_color=&raquo;#5f566b&raquo;][vc_column width=&raquo;1\/2&#8243; el_class=&raquo;tekstboks&raquo; css=&raquo;.vc_custom_1665133798249{padding-top: 10% !important;padding-right: 20% !important;padding-bottom: 10% !important;padding-left: 20% !important;background-image: url(https:\/\/creato.no\/referanse\/cms\/wp-content\/uploads\/2022\/10\/Skjoldneshagen_eksterior02_Bygg13_221006.jpg?id=2586) !important;background-position: center !important;background-repeat: no-repeat !important;background-size: cover !important;}&raquo; font_color=&raquo;#ffffff&raquo; el_wrapper_class=&raquo;quote_bg&raquo;][\/vc_column][vc_column column_effect=&raquo;vertical-parallax&raquo; column_effect_limit=&raquo;2x&raquo; width=&raquo;1\/2&#8243; heading_color=&raquo;light&raquo; css=&raquo;.vc_custom_1665127517750{background-position: center !important;background-repeat: no-repeat !important;background-size: cover !important;}&raquo; el_wrapper_class=&raquo;tekstboks&raquo; font_color=&raquo;#ffffff&raquo;]<h2 class=\"grve-element grve-title grve-align-left grve-h2 grve-increase-heading grve-heading-120\" style=\"margin-bottom: 30px;\"><span><br>\n<h1>Skjoldnesparken og Sj\u00f8huset<\/h1>\n<span class=\"grve-title-line grve-bg-white\" style=\"width: 50px;height: 2px;\"><\/span><\/span><\/h2><div class=\"grve-empty-space grve-height-1x\" style=\"\"><\/div>[vc_column_text text_style=&raquo;leader-text&raquo;]I Skjoldnesparken finner du benker, beplantning, landskapskunst, padeltennis, ballbinge, lekeplass, badmington- og boulebane mm.\u00a0Parken mellom Skjoldnes og Skjoldneshagen er et milj\u00f8fremmende rekreasjonssted med tilbud p\u00e5 fritid-, sport- og treningsfasiliteter for folk i alle aldre.<\/p>\n<p>Fra Konow Restaurant g\u00e5r det sti ned til sj\u00f8huset ved Nord\u00e5svannet. Her finner du badehus med omkledningsrom. Samt oppbevaringsplass for utstyr til beboeraktiviteter som bading, grilling, havkajakkpadling og SUP.<\/p>\n<p>Ved sj\u00f8huset finner du ogs\u00e5 en egen pir\/standplass for fluefiske, grill- og b\u00e5lplass, gjestebrygge og fasiliteter for \u00e5 gj\u00f8re det vakre strandomr\u00e5det ved Nord\u00e5svannet til en hyggelig sosial m\u00f8teplass.[\/vc_column_text]<div class=\"grve-empty-space\" style=\"height: 150px;\"><\/div>[\/vc_column][\/vc_row][vc_row disable_element=&raquo;yes&raquo; bg_type=&raquo;image&raquo; bg_image=&raquo;585&#8243; bg_image_type=&raquo;fixed&raquo; bg_image_size=&raquo;extra-extra-large&raquo; color_overlay=&raquo;primary-1&#8243; opacity_overlay=&raquo;20&#8243; columns_gap=&raquo;none&raquo; equal_column_height=&raquo;equal-column&raquo;][vc_column column_effect=&raquo;vertical-parallax&raquo; column_effect_limit=&raquo;3x&raquo; css=&raquo;.vc_custom_1613991332469{padding-top: 20% !important;padding-bottom: 20% !important;}&raquo;]<div class=\"grve-empty-space\" style=\"height: 150px;\"><\/div>[\/vc_column][\/vc_row]<\/p>\n<\/div>","protected":false},"excerpt":{"rendered":"<p>[vc_row bwd_show_when_type=&raquo;after&raquo; bwd_show_when_date=&raquo;10\/30\/2022 12:00&#8243; bwd_tbc4vd_show_weekday=&raquo;&raquo; heading_color=&raquo;light&raquo; bg_type=&raquo;color&raquo; padding_bottom_multiplier=&raquo;3x&raquo; bg_color=&raquo;#5f566b&raquo; font_color=&raquo;#ffffff&raquo;][vc_column][vc_column_text text_style=&raquo;leader-text&raquo; animation=&raquo;grve-fade-in&raquo;] N\u00e5 er Skjoldneshagen sitt siste salgstrinn &#8211; Prydhagen lansert. Her finner du 15 smarte 2- og 3-roms selveierleiligheter (fra ca 45 &#8211; 62 kvm).\u00a0 Leilighetene har moderne og praktiske planl\u00f8sninger, hvor hver kvadratmeter er godt utnyttet. Takket v\u00e6re den fine beliggenheten vil de [&hellip;]<\/p>\n","protected":false},"author":1,"featured_media":2580,"parent":0,"menu_order":0,"comment_status":"closed","ping_status":"closed","template":"","meta":{"inline_featured_image":false,"footnotes":""},"class_list":["post-2543","page","type-page","status-publish","has-post-thumbnail","hentry"],"_links":{"self":[{"href":"https:\/\/creato.no\/referanse\/skjoldnes\/wp-json\/wp\/v2\/pages\/2543"}],"collection":[{"href":"https:\/\/creato.no\/referanse\/skjoldnes\/wp-json\/wp\/v2\/pages"}],"about":[{"href":"https:\/\/creato.no\/referanse\/skjoldnes\/wp-json\/wp\/v2\/types\/page"}],"author":[{"embeddable":true,"href":"https:\/\/creato.no\/referanse\/skjoldnes\/wp-json\/wp\/v2\/users\/1"}],"replies":[{"embeddable":true,"href":"https:\/\/creato.no\/referanse\/skjoldnes\/wp-json\/wp\/v2\/comments?post=2543"}],"version-history":[{"count":29,"href":"https:\/\/creato.no\/referanse\/skjoldnes\/wp-json\/wp\/v2\/pages\/2543\/revisions"}],"predecessor-version":[{"id":2634,"href":"https:\/\/creato.no\/referanse\/skjoldnes\/wp-json\/wp\/v2\/pages\/2543\/revisions\/2634"}],"wp:featuredmedia":[{"embeddable":true,"href":"https:\/\/creato.no\/referanse\/skjoldnes\/wp-json\/wp\/v2\/media\/2580"}],"wp:attachment":[{"href":"https:\/\/creato.no\/referanse\/skjoldnes\/wp-json\/wp\/v2\/media?parent=2543"}],"curies":[{"name":"wp","href":"https:\/\/api.w.org\/{rel}","templated":true}]}}