{"id":2444,"date":"2022-05-10T09:59:25","date_gmt":"2022-05-10T07:59:25","guid":{"rendered":"https:\/\/creato.no\/referanse\/?page_id=2444"},"modified":"2024-10-15T15:25:27","modified_gmt":"2024-10-15T13:25:27","slug":"blomsterhyllen","status":"publish","type":"page","link":"https:\/\/creato.no\/referanse\/skjoldnes\/blomsterhyllen\/","title":{"rendered":"Blomsterhyllen"},"content":{"rendered":"<div class=\"wpb-content-wrapper\"><p>[vc_row heading_color=&raquo;light&raquo; disable_element=&raquo;yes&raquo; bg_type=&raquo;color&raquo; padding_bottom_multiplier=&raquo;3x&raquo; bwd_tbc4vd_show_weekday=&raquo;&raquo; bg_color=&raquo;#77806b&raquo; font_color=&raquo;#ffffff&raquo;][vc_column]<div class=\"grve-empty-space\" style=\"height: 150px;\"><\/div><h1 class=\"grve-element grve-title grve-align-center grve-h1 grve-increase-heading grve-heading-140\" style=\"\"><span><br>\n<p style=\"text-align: center;\">Nye moderne selveierleiligheter er n\u00e5 for salg i nytt trinn!<br>\n<span class=\"grve-title-line grve-bg-white\" style=\"width: 50px;height: 2px;\"><\/span><\/span><\/h1><div class=\"grve-empty-space\" style=\"height: 50px;\"><\/div><blockquote class=\"grve-element grve-animated-item grve-fade-in-down grve-duration-normal grve-align-center\" style=\"\" data-delay=\"200\"><p><\/p><\/blockquote>[vc_column_text text_style=&raquo;leader-text&raquo; animation=&raquo;grve-fade-in&raquo;]<\/p>\n<p style=\"text-align: center;\">Livet i en leilighet er enkelt. Du slipper vedlikehold, klipping av plen p\u00e5 sommer og sn\u00f8m\u00e5king p\u00e5 vinteren. Samtidig gir det rom for et<span class=\"Apple-converted-space\">\u00a0<\/span>fellesskap og et godt bomilj\u00f8.<\/p>\n<p style=\"text-align: center;\">Nye vennskap eller en spontan vinkveld. I Skjoldneshagen er det lagt til rette for at man skal leve det livet man \u00f8nsker.<\/p>\n<p style=\"text-align: center;\">Skjoldneshagen sitt fjerde trinn best\u00e5r av 24 \u00a0forskjellige planl\u00f8sninger fordelt p\u00e5 4 etasjer, og varierende st\u00f8rrelse fra 36 til 129 kvm.<span class=\"Apple-converted-space\">\u00a0<\/span><\/p>\n<p style=\"text-align: center;\">Det legges stor vekt p\u00e5 at uteomr\u00e5dene mellom byggene skal v\u00e6re gr\u00f8nne og frodige, og at det etableres sosiale soner for b\u00e5de barn og voksne. Under byggene vil det etableres underliggende<span class=\"Apple-converted-space\">\u00a0<\/span>parkeringsanlegg til disposisjon for beboerne.<span class=\"Apple-converted-space\">\u00a0<\/span><\/p>\n<p style=\"text-align: center;\">Dette vil kunne bidra til et sosialt og levende n\u00e6romr\u00e5de som man skal trives i.<\/p>\n<p>[\/vc_column_text]<div class=\"grve-empty-space\" style=\"height: 150px;\"><\/div>[\/vc_column][\/vc_row][vc_row heading_color=&raquo;light&raquo; bg_type=&raquo;color&raquo; padding_bottom_multiplier=&raquo;3x&raquo; bwd_tbc4vd_show_weekday=&raquo;&raquo; bg_color=&raquo;#77806b&raquo; font_color=&raquo;#ffffff&raquo;][vc_column]<div class=\"grve-empty-space\" style=\"height: 75px;\"><\/div><h1 class=\"grve-element grve-title grve-align-center grve-animated-item grve-duration-normal grve-fade-in grve-h1 grve-increase-heading grve-heading-160\" style=\"\" data-delay=\"200\"><span><br>\n<p style=\"text-align: center;\">24 moderne selveierleiligheter i &laquo;Blomsterhyllen&raquo; er n\u00e5 for salg<br>\n<span class=\"grve-title-line grve-bg-white\" style=\"width: 50px;height: 2px;\"><\/span><\/span><\/h1><div class=\"grve-empty-space\" style=\"height: 50px;\"><\/div><blockquote class=\"grve-element grve-animated-item grve-fade-in-down grve-duration-normal grve-align-center\" style=\"\" data-delay=\"200\"><p><\/p><\/blockquote>[vc_row_inner][vc_column_inner width=&raquo;1\/2&#8243;]<div class=\"grve-element grve-box-icon grve-medium grve-side-icon grve-align-left grve-animated-item grve-fade-in-left grve-duration-normal\" style=\"margin-bottom: 30px;\" data-delay=\"200\"><div class=\"grve-wrapper-icon grve-no-shape\" style=\" color: #b7af9d;\"><i class=\"grve-text-custom fas fa-leaf\"><\/i><\/div><div class=\"grve-box-content\"><div class=\"grve-box-title-wrapper\"><h2 class=\"grve-box-title grve-h2\">Livet i en leilighet er enkelt.<\/h2><\/div>  <p class=\"grve-leader-text\">Du slipper vedlikehold, klipping av plen p\u00e5 sommer og sn\u00f8m\u00e5king p\u00e5 vinteren. Samtidig gir det rom for et fellesskap og et godt bomilj\u00f8.<\/p><\/div><\/div><div class=\"grve-element grve-box-icon grve-medium grve-side-icon grve-align-left grve-animated-item grve-fade-in-left grve-duration-normal\" style=\"margin-bottom: 30px;\" data-delay=\"400\"><div class=\"grve-wrapper-icon grve-no-shape\" style=\" color: #b7af9d;\"><i class=\"grve-text-custom fas fa-leaf\"><\/i><\/div><div class=\"grve-box-content\"><div class=\"grve-box-title-wrapper\"><h2 class=\"grve-box-title grve-h2\">Nye vennskap eller en spontan vinkveld.<\/h2><\/div>  <p class=\"grve-leader-text\">I Skjoldneshagen er det lagt til rette for at man skal leve det livet man \u00f8nsker.<\/p><\/div><\/div>[\/vc_column_inner][vc_column_inner width=&raquo;1\/2&#8243;]<div class=\"grve-element grve-box-icon grve-medium grve-side-icon grve-align-left grve-animated-item grve-fade-in-right grve-duration-normal\" style=\"margin-bottom: 30px;\" data-delay=\"200\"><div class=\"grve-wrapper-icon grve-no-shape\" style=\" color: #b7af9d;\"><i class=\"grve-text-custom fas fa-leaf\"><\/i><\/div><div class=\"grve-box-content\"><div class=\"grve-box-title-wrapper\"><h2 class=\"grve-box-title grve-h2\">4 trinn - Blomsterhyllen<\/h2><\/div>  <p class=\"grve-leader-text\">Skjoldneshagen sitt fjerde trinn best\u00e5r av 24 forskjellige planl\u00f8sninger fordelt p\u00e5 4 etasjer, og varierende st\u00f8rrelse fra 36 til 129 kvm. <\/p><\/div><\/div><div class=\"grve-element grve-box-icon grve-medium grve-side-icon grve-align-left grve-animated-item grve-fade-in-right grve-duration-normal\" style=\"margin-bottom: 30px;\" data-delay=\"400\"><div class=\"grve-wrapper-icon grve-no-shape\" style=\" color: #b7af9d;\"><i class=\"grve-text-custom fas fa-leaf\"><\/i><\/div><div class=\"grve-box-content\"><div class=\"grve-box-title-wrapper\"><h2 class=\"grve-box-title grve-h2\">Uteomr\u00e5der<\/h2><\/div>  <p class=\"grve-leader-text\">Det legges stor vekt p\u00e5 at uteomr\u00e5dene mellom byggene skal v\u00e6re gr\u00f8nne og frodige, og at det etableres sosiale soner for b\u00e5de barn og voksne. Under byggene vil det etableres underliggende parkeringsanlegg til disposisjon for beboerne. <\/p><\/div><\/div>[\/vc_column_inner][\/vc_row_inner]<div class=\"grve-empty-space\" style=\"height: 75px;\"><\/div>[vc_row_inner][vc_column_inner width=&raquo;1\/6&#8243;][\/vc_column_inner][vc_column_inner width=&raquo;2\/3&#8243;]<blockquote class=\"grve-element grve-animated-item grve-fade-in grve-duration-normal grve-align-center quote_farge grve-with-icon\" style=\"\" data-delay=\"200\">  <div class=\"grve-quote-icon\">  <i class=\"fas fa-quote-right grve-text-white grve-medium\"><\/i>  <\/div><p>Flotte uteomr\u00e5der kan bidra til et sosialt og levende n\u00e6romr\u00e5de som man skal trives i.<\/p><\/blockquote>[\/vc_column_inner][vc_column_inner width=&raquo;1\/6&#8243;][\/vc_column_inner][\/vc_row_inner]<div class=\"grve-empty-space grve-height-2x\" style=\"\"><\/div>[\/vc_column][\/vc_row][vc_row section_type=&raquo;fullwidth&raquo; padding_top_multiplier=&raquo;3x&raquo; padding_bottom_multiplier=&raquo;2x&raquo; columns_gap=&raquo;none&raquo; equal_column_height=&raquo;equal-column&raquo; margin_bottom=&raquo;0&#8243; section_id=&raquo;boligvelger&raquo;][vc_column heading_color=&raquo;primary-4&#8243; css=&raquo;.vc_custom_1619436433505{background-position: center !important;background-repeat: no-repeat !important;background-size: contain !important;}&raquo;]<h2 class=\"grve-element grve-title grve-align-center grve-animated-item grve-duration-normal grve-fade-in-left grve-h2 grve-increase-heading grve-heading-120\" style=\"margin-bottom: 30px;\" data-delay=\"200\"><span>Boligvelger Blomsterhyllen<span class=\"grve-title-line grve-bg-white\" style=\"width: 50px;height: 2px;\"><\/span><\/span><\/h2><div class=\"grve-empty-space grve-height-1x\" style=\"\"><\/div>[vc_raw_html]JTNDaWZyYW1lJTIwc3JjJTNEJTIyaHR0cHMlM0ElMkYlMkZ3aW4wMS5tYWVzdHJvbWVkaWEubm8lMkYxNzFfc2tqb2xkbmVzaGFnZSUyRmhvdXNlc2xpbmUuYXNweCUzRmZpZWxkSUQlM0Q5NSUyMiUyMGZyYW1lYm9yZGVyJTNEJTIyMCUyMiUyMGhlaWdodCUzRCUyMjE1MDAlMjIlMjB3aWR0aCUzRCUyMjEwMCUyNSUyMiUzRSUzQyUyRmlmcmFtZSUzRSUwQQ==[\/vc_raw_html][\/vc_column][\/vc_row][vc_row section_type=&raquo;fullwidth&raquo; bg_type=&raquo;hosted_video&raquo; bg_video_device=&raquo;yes&raquo; padding_top_multiplier=&raquo;3x&raquo; padding_bottom_multiplier=&raquo;2x&raquo; columns_gap=&raquo;none&raquo; equal_column_height=&raquo;equal-column&raquo; mobile_visibility=&raquo;hide&raquo; margin_bottom=&raquo;0&#8243; section_id=&raquo;boligvelger&raquo; bg_video_mp4=&raquo;https:\/\/stream.mux.com\/9CigXS71gasf9QriySrq3BkxugbHsobY\/high.mp4&#8243;][vc_column heading_color=&raquo;primary-4&#8243; css=&raquo;.vc_custom_1619436433505{background-position: center !important;background-repeat: no-repeat !important;background-size: contain !important;}&raquo;]<div class=\"grve-empty-space grve-height-6x\" style=\"\"><\/div>[\/vc_column][\/vc_row][vc_row heading_color=&raquo;light&raquo; bg_type=&raquo;color&raquo; padding_top_multiplier=&raquo;3x&raquo; padding_bottom_multiplier=&raquo;3x&raquo; bwd_tbc4vd_show_weekday=&raquo;&raquo; section_id=&raquo;mulighet&raquo; bg_color=&raquo;#77806b&raquo; font_color=&raquo;#ffffff&raquo;][vc_column]<h2 class=\"grve-element grve-title grve-align-center grve-animated-item grve-duration-normal grve-fade-in-left grve-h2 grve-increase-heading grve-heading-120\" style=\"margin-bottom: 30px;\" data-delay=\"200\"><span>Tredje salgstrinn<span class=\"grve-title-line grve-bg-white\" style=\"width: 50px;height: 2px;\"><\/span><\/span><\/h2><div class=\"grve-empty-space grve-height-3x\" style=\"\"><\/div>[vc_row_inner el_id=&raquo;omradet&raquo; css=&raquo;.vc_custom_1613650472524{padding-bottom: 30px !important;}&raquo;][vc_column_inner width=&raquo;1\/2&#8243;]<div class=\"grve-element grve-box-icon grve-medium grve-top-icon grve-align-center grve-animated-item grve-fade-in-left grve-duration-normal\" style=\"margin-bottom: 60px;\" data-delay=\"200\"><div class=\"grve-image-icon\"><img loading=\"lazy\" decoding=\"async\" width=\"1\" height=\"1\" src=\"https:\/\/creato.no\/referanse\/skjoldnes\/wp-content\/uploads\/2021\/03\/Ant_rom_hvit.svg\" class=\"attachment-full size-full\" alt=\"\" \/><\/div><div class=\"grve-box-content\"><div class=\"grve-box-title-wrapper\"><h3 class=\"grve-box-title grve-h2\">St\u00f8rrelse<\/h3><\/div>  <p class=\"grve-leader-text\">36-129 m2<\/p><\/div><\/div><div class=\"grve-element grve-box-icon grve-medium grve-top-icon grve-align-center grve-animated-item grve-fade-in-left grve-duration-normal\" style=\"margin-bottom: 60px;\" data-delay=\"200\"><div class=\"grve-image-icon\"><img loading=\"lazy\" decoding=\"async\" width=\"1\" height=\"1\" src=\"https:\/\/creato.no\/referanse\/skjoldnes\/wp-content\/uploads\/2021\/03\/ostvendt_hvit.svg\" class=\"attachment-full size-full\" alt=\"\" \/><\/div><div class=\"grve-box-content\"><div class=\"grve-box-title-wrapper\"><h3 class=\"grve-box-title grve-h2\">Hvor?<\/h3><\/div>  <p class=\"grve-leader-text\">10 min fra Nesttun sentrum<\/p><\/div><\/div>[\/vc_column_inner][vc_column_inner width=&raquo;1\/2&#8243;]<div class=\"grve-element grve-box-icon grve-medium grve-top-icon grve-align-center grve-animated-item grve-fade-in-left grve-duration-normal\" style=\"margin-bottom: 60px;\" data-delay=\"200\"><div class=\"grve-image-icon\"><img loading=\"lazy\" decoding=\"async\" width=\"1\" height=\"1\" src=\"https:\/\/creato.no\/referanse\/skjoldnes\/wp-content\/uploads\/2021\/03\/kr_hvit.svg\" class=\"attachment-full size-full\" alt=\"\" \/><\/div><div class=\"grve-box-content\"><div class=\"grve-box-title-wrapper\"><h3 class=\"grve-box-title grve-h2\">Priser<\/h3><\/div>  <p class=\"grve-leader-text\">Fra kr.2.290.000,-<\/p><\/div><\/div><div class=\"grve-element grve-box-icon grve-medium grve-top-icon grve-align-center grve-animated-item grve-fade-in-left grve-duration-normal\" style=\"margin-bottom: 40px;\" data-delay=\"200\"><div class=\"grve-image-icon\"><img loading=\"lazy\" decoding=\"async\" width=\"221\" height=\"281\" src=\"https:\/\/creato.no\/referanse\/skjoldnes\/wp-content\/uploads\/2021\/02\/Parkering_hvit.png\" class=\"attachment-full size-full\" alt=\"\" \/><\/div><div class=\"grve-box-content\"><div class=\"grve-box-title-wrapper\"><h3 class=\"grve-box-title grve-h2\">Parkering<\/h3><\/div>  <p class=\"grve-leader-text\">Mulighet for kj\u00f8p av parkeringsplass<\/p><\/div><\/div>[\/vc_column_inner][\/vc_row_inner][\/vc_column][\/vc_row][vc_row bg_type=&raquo;color&raquo; padding_top_multiplier=&raquo;3x&raquo; padding_bottom_multiplier=&raquo;4x&raquo; bg_color=&raquo;#f7f7f7&#8243; margin_bottom=&raquo;0&#8243; font_color=&raquo;#9c7f75&#8243;][vc_column heading_color=&raquo;primary-6&#8243; font_color=&raquo;#7c796f&raquo;]<blockquote class=\"grve-element grve-animated-item grve-fade-in grve-duration-normal grve-align-center quote_tekst grve-with-icon\" style=\"\" data-delay=\"200\">  <div class=\"grve-quote-icon\">  <i class=\"fas fa-quote-right grve-text-primary-6 grve-medium\"><\/i>  <\/div><p>Her finner du arealeffektive 1-roms til romslige 5-roms selveierleiligheter, med et moderne uttrykk. Om du \u00f8nsker utsikt ut mot felles parkomr\u00e5de, eller Nord\u00e5svannet &#8211; det er opp til deg.<br \/>\n<\/p><\/blockquote>[\/vc_column][\/vc_row][vc_row section_type=&raquo;fullwidth&raquo; bg_type=&raquo;color&raquo; padding_top_multiplier=&raquo;&raquo; padding_bottom_multiplier=&raquo;&raquo; columns_gap=&raquo;none&raquo; equal_column_height=&raquo;equal-column&raquo; bwd_tbc4vd_show_weekday=&raquo;&raquo; margin_bottom=&raquo;0&#8243; section_id=&raquo;kvalitetene&raquo; bg_color=&raquo;#77806b&raquo;][vc_column column_effect=&raquo;vertical-parallax&raquo; column_effect_limit=&raquo;2x&raquo; width=&raquo;1\/2&#8243; heading_color=&raquo;light&raquo; el_wrapper_class=&raquo;tekstboks&raquo; font_color=&raquo;#ffffff&raquo;]<h2 class=\"grve-element grve-title grve-align-left grve-h2 grve-increase-heading grve-heading-120\" style=\"margin-bottom: 30px;\"><span><br>\n<h1>Utsikt mot parken eller nord\u00e5svannet<\/h1>\n<span class=\"grve-title-line grve-bg-white\" style=\"width: 50px;height: 2px;\"><\/span><\/span><\/h2>[vc_column_text]I Blomsterhyllen finner du 24 nye selveierleiligheter, 15 ulike planl\u00f8sninger, fordelt p\u00e5 4 boligetasjer &#8211; med heis ned til underliggende garasje, hvor din bil st\u00e5r trygt og t\u00f8rt hele \u00e5ret. Leilighetene varierer fra 35 til 131 kvm. \u00d8nsker du leilighet ut mot parken, med eget privat markterrasse? Eller kanskje en toppleilighet med utsikt ut over Nord\u00e5svannet?<span class=\"Apple-converted-space\">\u00a0<\/span>Skjoldneshagen er en spennende blanding av uber\u00f8rt natur,<span class=\"Apple-converted-space\">\u00a0<\/span>kulturlandskap og pent anlagte hager og parkanlegg.[\/vc_column_text]<div class=\"grve-empty-space\" style=\"height: 150px;\"><\/div>[\/vc_column][vc_column width=&raquo;1\/2&#8243; css=&raquo;.vc_custom_1728998694646{background-image: url(https:\/\/creato.no\/referanse\/skjoldnes\/wp-content\/uploads\/2022\/06\/Skjoldneshagen_bygg12_C403_2_220613.jpg?id=2495) !important;background-position: center !important;background-repeat: no-repeat !important;background-size: cover !important;}&raquo;][\/vc_column][\/vc_row][vc_row rtl_reverse=&raquo;yes&raquo; section_type=&raquo;fullwidth&raquo; bg_type=&raquo;color&raquo; padding_top_multiplier=&raquo;&raquo; padding_bottom_multiplier=&raquo;&raquo; columns_gap=&raquo;none&raquo; equal_column_height=&raquo;middle-content&raquo; bwd_tbc4vd_show_weekday=&raquo;&raquo; margin_bottom=&raquo;0&#8243; section_id=&raquo;kvalitetene&raquo; bg_color=&raquo;#77806b&raquo;][vc_column width=&raquo;1\/2&#8243; el_class=&raquo;tekstboks&raquo; css=&raquo;.vc_custom_1728998704864{padding-top: 10% !important;padding-right: 20% !important;padding-bottom: 10% !important;padding-left: 20% !important;background-image: url(https:\/\/creato.no\/referanse\/skjoldnes\/wp-content\/uploads\/2022\/05\/blomsterhyllen_skjoldnes.jpg?id=2480) !important;background-position: center !important;background-repeat: no-repeat !important;background-size: cover !important;}&raquo; font_color=&raquo;#ffffff&raquo; el_wrapper_class=&raquo;quote_bg&raquo;][\/vc_column][vc_column column_effect=&raquo;vertical-parallax&raquo; column_effect_limit=&raquo;2x&raquo; width=&raquo;1\/2&#8243; heading_color=&raquo;light&raquo; css=&raquo;.vc_custom_1629447612667{background-position: center !important;background-repeat: no-repeat !important;background-size: cover !important;}&raquo; el_wrapper_class=&raquo;tekstboks&raquo; font_color=&raquo;#ffffff&raquo;]<h2 class=\"grve-element grve-title grve-align-left grve-h2 grve-increase-heading grve-heading-120\" style=\"margin-bottom: 30px;\"><span><br>\n<h1>Kvalitetene<\/h1>\n<span class=\"grve-title-line grve-bg-white\" style=\"width: 50px;height: 2px;\"><\/span><\/span><\/h2>[vc_column_text]Romslige l\u00f8sninger og god kvalitet<\/p>\n<p>Skjoldneshagen best\u00e5r av flere sm\u00e5 urbane leiligheter, og store romslige, med gode<span class=\"Apple-converted-space\">\u00a0<\/span>tilleggskvaliteter som god takh\u00f8yde og store<span class=\"Apple-converted-space\">\u00a0<\/span>vindusflater.\u00a0Flere av av leilighetene er gjennomg\u00e5ende\u00a0med rikholdige<span class=\"Apple-converted-space\">\u00a0<\/span>lysforhold. I de fleste planl\u00f8sningene har man<span class=\"Apple-converted-space\">\u00a0<\/span>redusert gangareal for \u00e5 f\u00e5 til rom til rom<span class=\"Apple-converted-space\">\u00a0<\/span>l\u00f8sninger.<br \/>\nNoen av de mindre leilighetene er ensidig orientert, enten mot s\u00f8r\u00f8st med formiddags- til<span class=\"Apple-converted-space\">\u00a0<\/span>ettermiddagssol, eller mot nordvest med\u00a0ettermiddags- til kveldssol. Felles for disse er at de har de er konstruert p\u00e5 en slik m\u00e5te at de vil<span class=\"Apple-converted-space\">\u00a0<\/span>oppleves som sv\u00e6rt \u00e5pne og lyse.\u00a0Alle leilighetene har har privat terrasse eller balkong.[\/vc_column_text]<div class=\"grve-empty-space\" style=\"height: 150px;\"><\/div>[\/vc_column][\/vc_row][vc_row rtl_reverse=&raquo;yes&raquo; section_type=&raquo;fullwidth&raquo; bg_type=&raquo;color&raquo; padding_top_multiplier=&raquo;&raquo; padding_bottom_multiplier=&raquo;&raquo; columns_gap=&raquo;none&raquo; equal_column_height=&raquo;middle-content&raquo; bwd_tbc4vd_show_weekday=&raquo;&raquo; margin_bottom=&raquo;0&#8243; section_id=&raquo;kvalitetene&raquo; bg_color=&raquo;#77806b&raquo;][vc_column column_effect=&raquo;vertical-parallax&raquo; column_effect_limit=&raquo;2x&raquo; width=&raquo;1\/2&#8243; heading_color=&raquo;light&raquo; css=&raquo;.vc_custom_1629447612667{background-position: center !important;background-repeat: no-repeat !important;background-size: cover !important;}&raquo; el_wrapper_class=&raquo;tekstboks&raquo; font_color=&raquo;#ffffff&raquo;]<h2 class=\"grve-element grve-title grve-align-left grve-h2 grve-increase-heading grve-heading-120\" style=\"margin-bottom: 30px;\"><span><br>\n<h1>Meld interesse i dag!<\/h1>\n<span class=\"grve-title-line grve-bg-white\" style=\"width: 50px;height: 2px;\"><\/span><\/span><\/h2>[vc_column_text]<\/p>\n<p class=\"p2\">Flott utsikt, store gr\u00f8ntarealer og Nord\u00e5svannet som n\u00e6rmeste nabo, oppfyller boligdr\u00f8mmen du og dine har ventet p\u00e5. Skjoldneshagen ligger kun et steinkast fra Nesttun sentrum, og best\u00e5r av fire frittst\u00e5ende bygg og 6 townhouse.<br \/>\nMed sine trygge omgivelser innbyr Skjoldneshagen til mangfold. De fleste aldersgrupper og livssituasjoner kan finne noe som passer seg her. \u00d8nsker du en bekymringsl\u00f8s og vedlikeholdsfri hverdag i en helt ny leilighet? Da kan Skjoldneshagen v\u00e6re noe for deg.<\/p>\n<p><strong>Meld interesse i dag og f\u00e5 informasjon f\u00f8rst!<\/strong>[\/vc_column_text]<div class=\"grve-empty-space\" style=\"height: 150px;\"><\/div>[\/vc_column][vc_column width=&raquo;1\/2&#8243; el_class=&raquo;tekstboks&raquo; css=&raquo;.vc_custom_1728998714468{padding-top: 10% !important;padding-right: 20% !important;padding-bottom: 10% !important;padding-left: 20% !important;background-image: url(https:\/\/creato.no\/referanse\/skjoldnes\/wp-content\/uploads\/2022\/06\/Skjoldneshagen_bygg12_C403_1_220613.jpg?id=2494) !important;background-position: center !important;background-repeat: no-repeat !important;background-size: cover !important;}&raquo; font_color=&raquo;#ffffff&raquo; el_wrapper_class=&raquo;quote_bg&raquo;][\/vc_column][\/vc_row][vc_row section_type=&raquo;fullwidth&raquo; bg_type=&raquo;color&raquo; padding_top_multiplier=&raquo;&raquo; padding_bottom_multiplier=&raquo;&raquo; columns_gap=&raquo;none&raquo; equal_column_height=&raquo;equal-column&raquo; bwd_tbc4vd_show_weekday=&raquo;&raquo; margin_bottom=&raquo;0&#8243; section_id=&raquo;kvalitetene&raquo; bg_color=&raquo;#77806b&raquo;][vc_column width=&raquo;1\/2&#8243; mobile_width=&raquo;hide&raquo; css=&raquo;.vc_custom_1728998724253{background-image: url(https:\/\/creato.no\/referanse\/skjoldnes\/wp-content\/uploads\/2018\/11\/GettyImages-544595788_web-1.jpg?id=628) !important;background-position: center !important;background-repeat: no-repeat !important;background-size: cover !important;}&raquo;][\/vc_column][vc_column column_effect=&raquo;vertical-parallax&raquo; column_effect_limit=&raquo;2x&raquo; width=&raquo;1\/2&#8243; heading_color=&raquo;light&raquo; el_wrapper_class=&raquo;tekstboks&raquo; font_color=&raquo;#ffffff&raquo;]<h2 class=\"grve-element grve-title grve-align-left grve-h2 grve-increase-heading grve-heading-120\" style=\"margin-bottom: 30px;\"><span><br>\n<h1>Fasilitetene<\/h1>\n<span class=\"grve-title-line grve-bg-white\" style=\"width: 50px;height: 2px;\"><\/span><\/span><\/h2>[vc_column_text]Er du stadig p\u00e5 jakt etter nye utfordringer? Eksklusivt for beboere p\u00e5 Skjoldneshagen er en rekke fasiliteter. Det opparbeides en flott aktivitetspark rett utenfor d\u00f8ren, hvor det her venter timer med g\u00f8y og utfoldelse.<br \/>\n\u00abEn aktivitetspark eksklusivt for meg, sier du?\u00bb Ja, visst! I tillegg til et nettverk av flotte turstier i omr\u00e5det, best\u00e5r Skjoldneshagens aktivitetspark av en rekke aktivitetstilbud:[\/vc_column_text]<div class=\"grve-empty-space grve-height-1x\" style=\"\"><\/div>[vc_row_inner][vc_column_inner width=&raquo;1\/2&#8243;]<div class=\"grve-element grve-box-icon grve-small grve-side-icon grve-align-left grve-animated-item grve-fade-in-left grve-duration-normal\" style=\"margin-bottom: 30px;\" data-delay=\"200\"><div class=\"grve-wrapper-icon grve-no-shape\" style=\"\"><i class=\"grve-text-white fas fa-check\"><\/i><\/div><div class=\"grve-box-content\"><div class=\"grve-box-title-wrapper\"><h3 class=\"grve-box-title grve-h4\">Padeltennisbane<\/h3><\/div><\/div><\/div><div class=\"grve-element grve-box-icon grve-small grve-side-icon grve-align-left grve-animated-item grve-fade-in-left grve-duration-normal\" style=\"margin-bottom: 30px;\" data-delay=\"200\"><div class=\"grve-wrapper-icon grve-no-shape\" style=\"\"><i class=\"grve-text-white fas fa-check\"><\/i><\/div><div class=\"grve-box-content\"><div class=\"grve-box-title-wrapper\"><h3 class=\"grve-box-title grve-h4\">Sandvolleyballbane<\/h3><\/div><\/div><\/div><div class=\"grve-element grve-box-icon grve-small grve-side-icon grve-align-left grve-animated-item grve-fade-in-left grve-duration-normal\" style=\"margin-bottom: 30px;\" data-delay=\"200\"><div class=\"grve-wrapper-icon grve-no-shape\" style=\"\"><i class=\"grve-text-white fas fa-check\"><\/i><\/div><div class=\"grve-box-content\"><div class=\"grve-box-title-wrapper\"><h3 class=\"grve-box-title grve-h4\">Multisportbane<\/h3><\/div><\/div><\/div>[\/vc_column_inner][vc_column_inner width=&raquo;1\/2&#8243;]<div class=\"grve-element grve-box-icon grve-small grve-side-icon grve-align-left grve-animated-item grve-fade-in-left grve-duration-normal\" style=\"margin-bottom: 30px;\" data-delay=\"200\"><div class=\"grve-wrapper-icon grve-no-shape\" style=\"\"><i class=\"grve-text-white fas fa-check\"><\/i><\/div><div class=\"grve-box-content\"><div class=\"grve-box-title-wrapper\"><h3 class=\"grve-box-title grve-h4\">Boule<\/h3><\/div><\/div><\/div><div class=\"grve-element grve-box-icon grve-small grve-side-icon grve-align-left grve-animated-item grve-fade-in-left grve-duration-normal\" style=\"margin-bottom: 30px;\" data-delay=\"200\"><div class=\"grve-wrapper-icon grve-no-shape\" style=\"\"><i class=\"grve-text-white fas fa-check\"><\/i><\/div><div class=\"grve-box-content\"><div class=\"grve-box-title-wrapper\"><h3 class=\"grve-box-title grve-h4\">BMX bane<\/h3><\/div><\/div><\/div>[\/vc_column_inner][\/vc_row_inner][vc_column_text animation=&raquo;grve-fade-in&raquo;]<\/p>\n<blockquote><p>Og du? Du f\u00e5r faktisk gratis leie av kajakk, kano og SUP i sj\u00f8huset. Tenk deg en s\u00f8ndag p\u00e5 glitrende b\u00f8lger p\u00e5 en perle som Nord\u00e5svannet. Det kaller vi ro i sjela, det!<\/p><\/blockquote>\n<p>[\/vc_column_text]<div class=\"grve-empty-space\" style=\"height: 150px;\"><\/div>[\/vc_column][\/vc_row]<\/p>\n<\/div>","protected":false},"excerpt":{"rendered":"<p>[vc_row heading_color=&raquo;light&raquo; disable_element=&raquo;yes&raquo; bg_type=&raquo;color&raquo; padding_bottom_multiplier=&raquo;3x&raquo; bwd_tbc4vd_show_weekday=&raquo;&raquo; bg_color=&raquo;#77806b&raquo; font_color=&raquo;#ffffff&raquo;][vc_column][vc_column_text text_style=&raquo;leader-text&raquo; animation=&raquo;grve-fade-in&raquo;] Livet i en leilighet er enkelt. Du slipper vedlikehold, klipping av plen p\u00e5 sommer og sn\u00f8m\u00e5king p\u00e5 vinteren. Samtidig gir det rom for et\u00a0fellesskap og et godt bomilj\u00f8. Nye vennskap eller en spontan vinkveld. I Skjoldneshagen er det lagt til rette for at man skal [&hellip;]<\/p>\n","protected":false},"author":1,"featured_media":2480,"parent":0,"menu_order":0,"comment_status":"closed","ping_status":"closed","template":"","meta":{"inline_featured_image":false,"footnotes":""},"class_list":["post-2444","page","type-page","status-publish","has-post-thumbnail","hentry"],"_links":{"self":[{"href":"https:\/\/creato.no\/referanse\/skjoldnes\/wp-json\/wp\/v2\/pages\/2444"}],"collection":[{"href":"https:\/\/creato.no\/referanse\/skjoldnes\/wp-json\/wp\/v2\/pages"}],"about":[{"href":"https:\/\/creato.no\/referanse\/skjoldnes\/wp-json\/wp\/v2\/types\/page"}],"author":[{"embeddable":true,"href":"https:\/\/creato.no\/referanse\/skjoldnes\/wp-json\/wp\/v2\/users\/1"}],"replies":[{"embeddable":true,"href":"https:\/\/creato.no\/referanse\/skjoldnes\/wp-json\/wp\/v2\/comments?post=2444"}],"version-history":[{"count":13,"href":"https:\/\/creato.no\/referanse\/skjoldnes\/wp-json\/wp\/v2\/pages\/2444\/revisions"}],"predecessor-version":[{"id":2908,"href":"https:\/\/creato.no\/referanse\/skjoldnes\/wp-json\/wp\/v2\/pages\/2444\/revisions\/2908"}],"wp:featuredmedia":[{"embeddable":true,"href":"https:\/\/creato.no\/referanse\/skjoldnes\/wp-json\/wp\/v2\/media\/2480"}],"wp:attachment":[{"href":"https:\/\/creato.no\/referanse\/skjoldnes\/wp-json\/wp\/v2\/media?parent=2444"}],"curies":[{"name":"wp","href":"https:\/\/api.w.org\/{rel}","templated":true}]}}