{"id":2297,"date":"2021-10-08T14:26:51","date_gmt":"2021-10-08T12:26:51","guid":{"rendered":"https:\/\/creato.no\/referanse\/?page_id=2297"},"modified":"2024-10-15T16:02:31","modified_gmt":"2024-10-15T14:02:31","slug":"forside","status":"publish","type":"page","link":"https:\/\/creato.no\/referanse\/skjoldnes\/forside\/","title":{"rendered":"Forside"},"content":{"rendered":"<div class=\"wpb-content-wrapper\"><p>[vc_row heading_color=&raquo;light&raquo; columns_gap=&raquo;none&raquo; font_color=&raquo;#ffffff&raquo;][vc_column heading_color=&raquo;light&raquo; clipping_animation=&raquo;colored-clipping-up&raquo; clipping_animation_colors=&raquo;primary-3&#8243; animation_delay=&raquo;300&#8243; font_color=&raquo;#ffffff&raquo; el_class=&raquo;visningssenter_skjoldnes&raquo; css=&raquo;.vc_custom_1631795631696{background-image: url(https:\/\/creato.no\/referanse\/cms\/wp-content\/uploads\/2021\/09\/skjoldnes_trans-1.png?id=2257) !important;background-position: center !important;background-repeat: no-repeat !important;background-size: cover !important;}&raquo;][vc_tta_accordion c_icon=&raquo;chevron&raquo; c_position=&raquo;right&raquo; active_section=&raquo;1&#8243; accordion_style=&raquo;style-2&#8243; heading_tag=&raquo;h4&#8243; heading=&raquo;h4&#8243; custom_font_family=&raquo;custom-font-4&#8243; css=&raquo;.vc_custom_1631797383698{padding-top: 20px !important;padding-right: 20px !important;padding-bottom: 20px !important;padding-left: 10px !important;}&raquo;][vc_tta_section title=&raquo;Ta kontakt for visning!&raquo; tab_id=&raquo;1631792562776-04aa5cc8-ce43&#8243;][vc_column_text animation=&raquo;grve-fade-in&raquo; animation_duration=&raquo;slow&raquo;]Her finner du innflyttingsklare leiligheter fra 2 til 4-roms leiligheter og townhouse p\u00e5 over to plan.<\/p>\n<p><a href=\"https:\/\/creato.no\/referanse\/kontakt\/\">Ta kontakt med megler for visning<\/a>[\/vc_column_text][\/vc_tta_section][\/vc_tta_accordion][\/vc_column][\/vc_row][vc_row heading_color=&raquo;primary-1&#8243; bg_type=&raquo;gradient&raquo; bg_gradient_color_1=&raquo;#ffffff&raquo; bg_gradient_color_2=&raquo;rgba(201,215,205,0.2)&raquo; bg_gradient_direction=&raquo;180&#8243; padding_top_multiplier=&raquo;3x&raquo; padding_bottom_multiplier=&raquo;4x&raquo; equal_column_height=&raquo;middle-content&raquo; section_id=&raquo;skjoldneshagen&raquo;][vc_column]<div class=\"grve-empty-space\" style=\"height: 50px;\"><\/div><h1 class=\"grve-element grve-title grve-align-center grve-animated-item grve-duration-normal grve-fade-in-down grve-h1 grve-increase-heading grve-heading-180\" style=\"\" data-delay=\"200\"><span>Velkommen til Skjoldneshagen<span class=\"grve-title-line grve-bg-primary-2\" style=\"width: 50px;height: 2px;\"><\/span><\/span><\/h1><div class=\"grve-empty-space\" style=\"height: 50px;\"><\/div>[vc_column_text text_style=&raquo;leader-text&raquo; animation=&raquo;grve-fade-in-down&raquo; animation_delay=&raquo;800&#8243; animation_duration=&raquo;very-slow&raquo;]<\/p>\n<p style=\"text-align: center;\"><strong>Et gr\u00f8nt, moderne boligomr\u00e5de rett ved Nord\u00e5svannet.<\/strong><\/p>\n<p style=\"text-align: center;\">Flott utsikt vestover, store gr\u00f8ntarealer og \u201dNorda\u030asen\u201d som n\u00e6rmeste nabo, oppfyller boligdr\u00f8mmen du og dine har ventet pa\u030a. Skjoldneshagen ligger kun 8 km fra Bergen sentrum, og besta\u030ar av fem frittst\u00e5ende bygg totalt. Samlet kan du velge mellom boenheter fra 35 til 131 m2 BRA.<\/p>\n<p style=\"text-align: center;\">Med sine trygge omgivelser innbyr Skjoldneshagen til mangfold. De fleste aldersgrupper og livssituasjoner kan finne noe som passer seg her. \u00d8nsker du en bekymringsl\u00f8s og vedlikeholdsfri hverdag i en helt ny leilighet? Da kan Skjoldneshagen v\u00e6re noe for deg.<\/p>\n<p style=\"text-align: center;\">Her finner du innflyttingsklare leiligheter fra 2 til 4-roms, og townhouse p\u00e5 over 2 plan. Mulighet for kj\u00f8p av parkering i underliggende garasjeanlegg med heis rett opp i boligetasje.<\/p>\n<p>[\/vc_column_text]<div class=\"grve-empty-space\" style=\"height: 150px;\"><\/div><blockquote class=\"grve-element grve-animated-item grve-fade-in grve-duration-very-slow grve-align-center grve-with-icon\" style=\"\" data-delay=\"1200\">  <div class=\"grve-quote-icon\">  <i class=\"fas fa-quote-right grve-text-primary-2 grve-medium\"><\/i>  <\/div><p>\u00c5 kalle Skjoldneshagen for Bergens nye<br \/>\nboligperle er antagelig ingen overdrivelse.<\/p><\/blockquote>[\/vc_column][\/vc_row][vc_row section_type=&raquo;fullwidth&raquo; padding_top_multiplier=&raquo;&raquo; padding_bottom_multiplier=&raquo;&raquo; columns_gap=&raquo;none&raquo; tablet_sm_visibility=&raquo;hide&raquo; mobile_visibility=&raquo;hide&raquo; first_background_type=&raquo;image&raquo; first_background_image=&raquo;1603&#8243; first_background_image_size=&raquo;full&raquo; first_background_size=&raquo;cover&raquo; second_background_type=&raquo;image&raquo; second_background_image=&raquo;1633&#8243; second_background_position=&raquo;middle-right&raquo; second_background_size=&raquo;cover&raquo; bwd_show_when_type=&raquo;after&raquo; bwd_show_when_date=&raquo;10\/30\/2022 12:00&#8243; bwd_tbc4vd_show_weekday=&raquo;&raquo; margin_bottom=&raquo;0&#8243; section_id=&raquo;boligvelger&raquo;][vc_column]<div id=\"mpc_interactive_image-769ea588b753a3\" class=\"mpc-interactive_image mpc-init \"><img loading=\"lazy\" decoding=\"async\" src=\"https:\/\/creato.no\/referanse\/skjoldnes\/wp-content\/uploads\/2021\/09\/Skjoldnes_Townhouse_ekst4_210920.jpg\" width=\"2000\" height=\"1199\" alt=\"Image\" class=\"mpc-interactive_image__image\" \/><div class=\"mpc-interactive_image-wrap\"><a href=\"#boligvelger_parkhuset\" title=\"\"  id=\"mpc_hotspot-44569ea588b75464\" class=\"mpc-hotspot mpc-init mpc-transition mpc-tooltip-wrap grve-modal-popup bold\"  data-position='[\"49.688\",\"55.081\"]'><i class=\"mpc-hotspot__icon mpc-transition  mpc-typography--mpc_preset_38 mpc-init mpc-icon-type--character mpc-tooltip-target\">Parkhuset<\/i><div id=\"mpc_tooltip-1969ea588b75494\" class=\"mpc-tooltip mpc-init mpc-typography--mpc_preset_37 mpc-position--bottom mpc-effect--slide mpc-no-arrow mpc-can-hover mpc-triggered mpc-wide mpc-trigger--hover \">3 ledig<\/div><\/a><a href=\"#boligvelger_parsell\" title=\"\"  id=\"mpc_hotspot-31969ea588b75502\" class=\"mpc-hotspot mpc-init mpc-transition mpc-tooltip-wrap grve-modal-popup\"  data-position='[\"55.833\",\"76.279\"]'><i class=\"mpc-hotspot__icon mpc-transition  mpc-typography--mpc_preset_38 mpc-init mpc-icon-type--character mpc-tooltip-target\">Parsellhagehuset<\/i><div id=\"mpc_tooltip-3069ea588b7551c\" class=\"mpc-tooltip mpc-init mpc-typography--mpc_preset_37 mpc-position--bottom mpc-effect--slide mpc-no-arrow mpc-can-hover mpc-triggered mpc-wide mpc-trigger--hover \">Utsolgt!<\/div><\/a><a href=\"#boligvelger_townhouse\" title=\"\"  id=\"mpc_hotspot-1169ea588b75570\" class=\"mpc-hotspot mpc-init mpc-transition mpc-tooltip-wrap grve-modal-popup\"  data-position='[\"33.646\",\"62.205\"]'><i class=\"mpc-hotspot__icon mpc-transition  mpc-typography--mpc_preset_38 mpc-init mpc-icon-type--character mpc-tooltip-target\">Townhouses<\/i><div id=\"mpc_tooltip-1269ea588b75589\" class=\"mpc-tooltip mpc-init mpc-typography--mpc_preset_37 mpc-position--bottom mpc-effect--slide mpc-no-arrow mpc-can-hover mpc-triggered mpc-wide mpc-trigger--hover \">6 ledig<\/div><\/a><a href=\"#boligvelger_blomsterhyllen\" title=\"\"  id=\"mpc_hotspot-12569ea588b755d7\" class=\"mpc-hotspot mpc-init mpc-transition mpc-tooltip-wrap grve-modal-popup\"  data-position='[\"33.949\",\"78.013\"]'><i class=\"mpc-hotspot__icon mpc-transition  mpc-typography--mpc_preset_38 mpc-init mpc-icon-type--character mpc-tooltip-target\">Blomsterhyllen<\/i><div id=\"mpc_tooltip-7069ea588b755ef\" class=\"mpc-tooltip mpc-init mpc-position--bottom mpc-effect--slide mpc-no-arrow mpc-can-hover mpc-triggered mpc-wide mpc-trigger--hover \">9 ledig<\/div><\/a><a href=\"#boligvelger_prydhagen\" title=\"\"  id=\"mpc_hotspot-97869ea588b75638\" class=\"mpc-hotspot mpc-init mpc-transition mpc-tooltip-wrap grve-modal-popup\"  data-position='[\"7.732\",\"65.776\"]'><i class=\"mpc-hotspot__icon mpc-transition  mpc-init mpc-icon-type--character mpc-tooltip-target\">Prydhagen<\/i><div id=\"mpc_tooltip-369ea588b75650\" class=\"mpc-tooltip mpc-init mpc-position--bottom mpc-effect--slide mpc-no-arrow mpc-can-hover mpc-triggered mpc-wide mpc-trigger--hover \">2 ledig<\/div><\/a><\/div><\/div>[\/vc_column][\/vc_row][vc_row section_type=&raquo;fullwidth&raquo; padding_top_multiplier=&raquo;&raquo; padding_bottom_multiplier=&raquo;&raquo; columns_gap=&raquo;none&raquo; desktop_visibility=&raquo;hide&raquo; tablet_visibility=&raquo;hide&raquo; first_background_type=&raquo;image&raquo; first_background_image=&raquo;1603&#8243; first_background_image_size=&raquo;full&raquo; first_background_size=&raquo;cover&raquo; second_background_type=&raquo;image&raquo; second_background_image=&raquo;1633&#8243; second_background_position=&raquo;middle-right&raquo; second_background_size=&raquo;cover&raquo; bwd_tbc4vd_show_weekday=&raquo;&raquo; margin_bottom=&raquo;0&#8243; section_id=&raquo;boligvelger&raquo;][vc_column]<div id=\"mpc_interactive_image-7369ea588b75737\" class=\"mpc-interactive_image mpc-init \"><img loading=\"lazy\" decoding=\"async\" src=\"https:\/\/creato.no\/referanse\/skjoldnes\/wp-content\/uploads\/2021\/09\/Skjoldnes_Townhouse_ekst4_210920.jpg\" width=\"2000\" height=\"1199\" alt=\"Image\" class=\"mpc-interactive_image__image\" \/><div class=\"mpc-interactive_image-wrap\"><a href=\"#boligvelger_parkhuset\" title=\"\"  id=\"mpc_hotspot-4769ea588b75c7b\" class=\"mpc-hotspot mpc-init mpc-transition grve-modal-popup\"  data-position='[\"50.387\",\"52.234\"]'><i class=\"mpc-hotspot__icon mpc-transition  mpc-init mpc-icon-type--image mpc-animation\" data-animation-in=\"transition.fadeIn||800||400||100\"><img decoding=\"async\" class=\"\" src=\"https:\/\/creato.no\/referanse\/skjoldnes\/wp-content\/uploads\/2021\/10\/skjoldnes_ikon_40px-20x20.png\" width=\"20\" height=\"20\" alt=\"skjoldnes_ikon_40px\" title=\"skjoldnes_ikon_40px\" loading=\"lazy\" \/><\/i><\/a><a href=\"#boligvelger_parsell\" title=\"Forside \u2013 TEST\"  id=\"mpc_hotspot-39569ea588b75e1c\" class=\"mpc-hotspot mpc-init mpc-transition grve-modal-popup\"  data-position='[\"59.407\",\"90.065\"]'><i class=\"mpc-hotspot__icon mpc-transition  mpc-init mpc-icon-type--image mpc-animation\" data-animation-in=\"transition.fadeIn||800||400||100\"><img decoding=\"async\" class=\"\" src=\"https:\/\/creato.no\/referanse\/skjoldnes\/wp-content\/uploads\/2021\/10\/skjoldnes_ikon_40px-20x20.png\" width=\"20\" height=\"20\" alt=\"skjoldnes_ikon_40px\" title=\"skjoldnes_ikon_40px\" loading=\"lazy\" \/><\/i><\/a><a href=\"#boligvelger_townhouse\" title=\"Forside \u2013 TEST\"  id=\"mpc_hotspot-54469ea588b75fbe\" class=\"mpc-hotspot mpc-init mpc-transition grve-modal-popup\"  data-position='[\"32.732\",\"59.112\"]'><i class=\"mpc-hotspot__icon mpc-transition  mpc-init mpc-icon-type--image mpc-animation\" data-animation-in=\"transition.fadeIn||800||400||100\"><img decoding=\"async\" class=\"\" src=\"https:\/\/creato.no\/referanse\/skjoldnes\/wp-content\/uploads\/2021\/10\/skjoldnes_ikon_40px-20x20.png\" width=\"20\" height=\"20\" alt=\"skjoldnes_ikon_40px\" title=\"skjoldnes_ikon_40px\" loading=\"lazy\" \/><\/i><\/a><a href=\"#boligvelger_blomsterhyllen\" title=\"Blomsterhyllen - Trinn 4\"  id=\"mpc_hotspot-52969ea588b7615b\" class=\"mpc-hotspot mpc-init mpc-transition grve-modal-popup\"  data-position='[\"28.222\",\"76.094\"]'><i class=\"mpc-hotspot__icon mpc-transition  mpc-init mpc-icon-type--image mpc-animation\" data-animation-in=\"transition.fadeIn||800||400||100\"><img decoding=\"async\" class=\"\" src=\"https:\/\/creato.no\/referanse\/skjoldnes\/wp-content\/uploads\/2021\/10\/skjoldnes_ikon_40px-20x20.png\" width=\"20\" height=\"20\" alt=\"skjoldnes_ikon_40px\" title=\"skjoldnes_ikon_40px\" loading=\"lazy\" \/><\/i><\/a><a href=\"#boligvelger_prydhagen\" title=\"Prydhagen - Trinn 5\"  id=\"mpc_hotspot-10669ea588b762e3\" class=\"mpc-hotspot mpc-init mpc-transition grve-modal-popup\"  data-position='[\"5.412\",\"65.561\"]'><i class=\"mpc-hotspot__icon mpc-transition  mpc-init mpc-icon-type--image mpc-animation\" data-animation-in=\"transition.fadeIn||800||400||100\"><img decoding=\"async\" class=\"\" src=\"https:\/\/creato.no\/referanse\/skjoldnes\/wp-content\/uploads\/2021\/10\/skjoldnes_ikon_40px-20x20.png\" width=\"20\" height=\"20\" alt=\"skjoldnes_ikon_40px\" title=\"skjoldnes_ikon_40px\" loading=\"lazy\" \/><\/i><\/a><\/div><\/div>[\/vc_column][\/vc_row][vc_row section_type=&raquo;fullwidth&raquo; padding_top_multiplier=&raquo;&raquo; padding_bottom_multiplier=&raquo;&raquo; columns_gap=&raquo;none&raquo; desktop_visibility=&raquo;hide&raquo; tablet_visibility=&raquo;hide&raquo; first_background_type=&raquo;image&raquo; first_background_image=&raquo;1603&#8243; first_background_image_size=&raquo;full&raquo; first_background_size=&raquo;cover&raquo; second_background_type=&raquo;image&raquo; second_background_image=&raquo;1633&#8243; second_background_position=&raquo;middle-right&raquo; second_background_size=&raquo;cover&raquo; bwd_tbc4vd_show_weekday=&raquo;&raquo; margin_bottom=&raquo;0&#8243; section_id=&raquo;boligvelger&raquo;][vc_column]<div class=\"grve-element grve-align-left\"><a href=\"https:\/\/creato.no\/referanse\/parkhuset\/\" class=\"grve-btn grve-btn-extralarge grve-square grve-bg-primary-1 grve-bg-hover-white grve-fullwidth-btn grve-fluid-btn-short button_parkhuset\"><span>4-roms leiligheter<\/span><\/a><\/div><div class=\"grve-element grve-align-left\"><a href=\"https:\/\/creato.no\/referanse\/parsellhagehuset\/\" class=\"grve-btn grve-btn-extralarge grve-square grve-bg-primary-1 grve-bg-hover-white grve-fullwidth-btn grve-fluid-btn-short button_parsellhagehuset\"><span>Sluttsolgt<\/span><\/a><\/div><div class=\"grve-element grve-align-left\"><a href=\"https:\/\/creato.no\/referanse\/townhouses\/\" class=\"grve-btn grve-btn-extralarge grve-square grve-bg-primary-1 grve-bg-hover-white grve-fullwidth-btn grve-fluid-btn-short button_townhouses\"><span>Townhouse<\/span><\/a><\/div><div class=\"grve-element grve-align-left button_parkhuset\"><a href=\"https:\/\/creato.no\/referanse\/blomsterhyllen\" class=\"grve-btn grve-btn-extralarge grve-square grve-bg-primary-1 grve-bg-hover-white grve-fullwidth-btn grve-fluid-btn-short button_blomsterhyllen\"><span>3,4 og 5-roms leiligheter<\/span><\/a><\/div><div class=\"grve-element grve-align-left\"><a href=\"https:\/\/creato.no\/referanse\/prydhagen\/\" title=\"Prydhagen\" class=\"grve-btn grve-btn-extralarge grve-square grve-bg-primary-1 grve-bg-hover-white grve-fullwidth-btn grve-fluid-btn-short button_prydhagen\"><span>2-roms leiligheter<\/span><\/a><\/div>[\/vc_column][\/vc_row][vc_row heading_color=&raquo;dark&raquo; section_type=&raquo;fullwidth&raquo; padding_top_multiplier=&raquo;&raquo; padding_bottom_multiplier=&raquo;&raquo; columns_gap=&raquo;none&raquo; equal_column_height=&raquo;equal-column&raquo; bwd_tbc4vd_show_weekday=&raquo;&raquo; margin_bottom=&raquo;0&#8243; section_id=&raquo;kvalitetene&raquo;][vc_column column_effect=&raquo;vertical-parallax&raquo; column_effect_limit=&raquo;2x&raquo; width=&raquo;1\/2&#8243; heading_color=&raquo;dark&raquo; el_wrapper_class=&raquo;tekstboks&raquo; font_color=&raquo;#000000&#8243;]<h2 class=\"grve-element grve-title grve-align-left grve-h2 grve-increase-heading grve-heading-120\" style=\"margin-bottom: 30px;\"><span><br>\n<h1>Flyt hjem til Skjoldneshagen<\/h1>\n<span class=\"grve-title-line grve-bg-white\" style=\"width: 50px;height: 2px;\"><\/span><\/span><\/h2>[vc_column_text]Her finner du leiligheter fra 2 til 4-roms, og townhouse over 2 plan. Det er ogs\u00e5 mulighet for kj\u00f8p av parkeringsplass i underliggende garasjeanlegg. Parker bilen og ta heis rett opp i din boligetasje &#8211; enklere hverdag f\u00e5r man ikke.<br \/>\n<strong>Velkommen hjem til Skjoldneshagen.<\/strong>[\/vc_column_text]<div class=\"grve-empty-space\" style=\"height: 150px;\"><\/div>[\/vc_column][vc_column width=&raquo;1\/2&#8243; css=&raquo;.vc_custom_1728998694646{background-image: url(https:\/\/creato.no\/referanse\/skjoldnes\/wp-content\/uploads\/2022\/06\/Skjoldneshagen_bygg12_C403_2_220613.jpg?id=2495) !important;background-position: center !important;background-repeat: no-repeat !important;background-size: cover !important;}&raquo;][\/vc_column][\/vc_row][vc_row heading_color=&raquo;primary-1&#8243; rtl_reverse=&raquo;yes&raquo; section_type=&raquo;fullwidth&raquo; padding_top_multiplier=&raquo;&raquo; padding_bottom_multiplier=&raquo;&raquo; columns_gap=&raquo;none&raquo; equal_column_height=&raquo;middle-content&raquo; bwd_tbc4vd_show_weekday=&raquo;&raquo; margin_bottom=&raquo;0&#8243; section_id=&raquo;kvalitetene&raquo;][vc_column width=&raquo;1\/2&#8243; el_class=&raquo;tekstboks&raquo; css=&raquo;.vc_custom_1728998704864{padding-top: 10% !important;padding-right: 20% !important;padding-bottom: 10% !important;padding-left: 20% !important;background-image: url(https:\/\/creato.no\/referanse\/skjoldnes\/wp-content\/uploads\/2022\/05\/blomsterhyllen_skjoldnes.jpg?id=2480) !important;background-position: center !important;background-repeat: no-repeat !important;background-size: cover !important;}&raquo; font_color=&raquo;#ffffff&raquo; el_wrapper_class=&raquo;quote_bg&raquo;][\/vc_column][vc_column column_effect=&raquo;vertical-parallax&raquo; column_effect_limit=&raquo;2x&raquo; width=&raquo;1\/2&#8243; heading_color=&raquo;dark&raquo; css=&raquo;.vc_custom_1729000865630{background-position: center !important;background-repeat: no-repeat !important;background-size: cover !important;}&raquo; el_wrapper_class=&raquo;tekstboks&raquo; font_color=&raquo;#000000&#8243;]<h2 class=\"grve-element grve-title grve-align-left grve-h2 grve-increase-heading grve-heading-120\" style=\"margin-bottom: 30px;\"><span><br>\n<h1>Fra enebolig til leilighet<\/h1>\n<span class=\"grve-title-line grve-bg-white\" style=\"width: 50px;height: 2px;\"><\/span><\/span><\/h2>[vc_column_text css=&raquo;&raquo;]\u00c5 flytte til leilighet har utvilsomt sine fordeler, og det kan v\u00e6re et klokt valg for de som \u00f8nsker \u00e5 nyte en enklere og mer praktisk livsstil. En av de st\u00f8rste fordelene med \u00e5 velge en leilighet er den betydelige tidsbesparelsen p\u00e5 vedlikehold, b\u00e5de innend\u00f8rs og utend\u00f8rs.<\/p>\n<p>N\u00e5r du flytter fra et hus til en leilighet, slipper du \u00e5 bekymre deg for gressklipping, hagearbeid, og annet eksternt vedlikehold. Det gir deg mer tid til \u00e5 fokusere p\u00e5 det som virkelig betyr noe for deg, som hyggelig samv\u00e6r med familie og venner.[\/vc_column_text]<div class=\"grve-empty-space\" style=\"height: 150px;\"><\/div>[\/vc_column][\/vc_row]<\/p>\n<\/div>","protected":false},"excerpt":{"rendered":"<p>[vc_row heading_color=&raquo;light&raquo; columns_gap=&raquo;none&raquo; font_color=&raquo;#ffffff&raquo;][vc_column heading_color=&raquo;light&raquo; clipping_animation=&raquo;colored-clipping-up&raquo; clipping_animation_colors=&raquo;primary-3&#8243; animation_delay=&raquo;300&#8243; font_color=&raquo;#ffffff&raquo; el_class=&raquo;visningssenter_skjoldnes&raquo; css=&raquo;.vc_custom_1631795631696{background-image: url(https:\/\/creato.no\/referanse\/cms\/wp-content\/uploads\/2021\/09\/skjoldnes_trans-1.png?id=2257) !important;background-position: center !important;background-repeat: no-repeat !important;background-size: cover !important;}&raquo;][vc_tta_accordion c_icon=&raquo;chevron&raquo; c_position=&raquo;right&raquo; active_section=&raquo;1&#8243; accordion_style=&raquo;style-2&#8243; heading_tag=&raquo;h4&#8243; heading=&raquo;h4&#8243; custom_font_family=&raquo;custom-font-4&#8243; css=&raquo;.vc_custom_1631797383698{padding-top: 20px !important;padding-right: 20px !important;padding-bottom: 20px !important;padding-left: 10px !important;}&raquo;][vc_tta_section title=&raquo;Ta kontakt for visning!&raquo; tab_id=&raquo;1631792562776-04aa5cc8-ce43&#8243;][vc_column_text animation=&raquo;grve-fade-in&raquo; animation_duration=&raquo;slow&raquo;]Her finner du innflyttingsklare leiligheter fra 2 til 4-roms leiligheter og townhouse p\u00e5 over [&hellip;]<\/p>\n","protected":false},"author":1,"featured_media":2671,"parent":0,"menu_order":0,"comment_status":"closed","ping_status":"closed","template":"","meta":{"inline_featured_image":false,"footnotes":""},"class_list":["post-2297","page","type-page","status-publish","has-post-thumbnail","hentry"],"_links":{"self":[{"href":"https:\/\/creato.no\/referanse\/skjoldnes\/wp-json\/wp\/v2\/pages\/2297"}],"collection":[{"href":"https:\/\/creato.no\/referanse\/skjoldnes\/wp-json\/wp\/v2\/pages"}],"about":[{"href":"https:\/\/creato.no\/referanse\/skjoldnes\/wp-json\/wp\/v2\/types\/page"}],"author":[{"embeddable":true,"href":"https:\/\/creato.no\/referanse\/skjoldnes\/wp-json\/wp\/v2\/users\/1"}],"replies":[{"embeddable":true,"href":"https:\/\/creato.no\/referanse\/skjoldnes\/wp-json\/wp\/v2\/comments?post=2297"}],"version-history":[{"count":67,"href":"https:\/\/creato.no\/referanse\/skjoldnes\/wp-json\/wp\/v2\/pages\/2297\/revisions"}],"predecessor-version":[{"id":2897,"href":"https:\/\/creato.no\/referanse\/skjoldnes\/wp-json\/wp\/v2\/pages\/2297\/revisions\/2897"}],"wp:featuredmedia":[{"embeddable":true,"href":"https:\/\/creato.no\/referanse\/skjoldnes\/wp-json\/wp\/v2\/media\/2671"}],"wp:attachment":[{"href":"https:\/\/creato.no\/referanse\/skjoldnes\/wp-json\/wp\/v2\/media?parent=2297"}],"curies":[{"name":"wp","href":"https:\/\/api.w.org\/{rel}","templated":true}]}}